{"id":173,"date":"2015-10-22T16:58:03","date_gmt":"2015-10-22T15:58:03","guid":{"rendered":"http:\/\/www.b-gestion.be\/wordpress\/?page_id=173"},"modified":"2021-09-17T14:59:46","modified_gmt":"2021-09-17T13:59:46","slug":"b-student","status":"publish","type":"page","link":"http:\/\/www.b-school.be\/wordpress\/b-student\/","title":{"rendered":"B-STUDENT"},"content":{"rendered":"\t\t<div data-elementor-type=\"wp-page\" data-elementor-id=\"173\" class=\"elementor elementor-173\" data-elementor-settings=\"[]\">\n\t\t\t\t\t\t<div class=\"elementor-inner\">\n\t\t\t\t\t\t\t<div class=\"elementor-section-wrap\">\n\t\t\t\t\t\t\t<section class=\"elementor-section elementor-top-section elementor-element elementor-element-31f6c0e elementor-section-boxed elementor-section-height-default elementor-section-height-default\" data-id=\"31f6c0e\" data-element_type=\"section\">\n\t\t\t\t\t\t<div class=\"elementor-container elementor-column-gap-default\">\n\t\t\t\t\t\t\t<div class=\"elementor-row\">\n\t\t\t\t\t<div class=\"elementor-column elementor-col-100 elementor-top-column elementor-element elementor-element-626c5dc2\" data-id=\"626c5dc2\" data-element_type=\"column\">\n\t\t\t<div class=\"elementor-column-wrap elementor-element-populated\">\n\t\t\t\t\t\t\t<div class=\"elementor-widget-wrap\">\n\t\t\t\t\t\t<div class=\"elementor-element elementor-element-29d25a79 elementor-widget elementor-widget-text-editor\" data-id=\"29d25a79\" data-element_type=\"widget\" data-widget_type=\"text-editor.default\">\n\t\t\t\t<div class=\"elementor-widget-container\">\n\t\t\t\t\t\t\t\t<div class=\"elementor-text-editor elementor-clearfix\">\n\t\t\t\t<p>Les fonctionnalit\u00e9s suivantes sont notamment disponibles dans B-Student :<\/p>\n<ul>\n<li>Consultation de l&rsquo;horaire et du journal de classe ;<\/li>\n<li>Valves \u00e9lectroniques des \u00e9l\u00e8ves ;<\/li>\n<li>Consultation du pr\u00e9sent\u00e9isme ;<\/li>\n<li>Liste des \u00e9l\u00e8ves de la classe.<\/li>\n<\/ul>\n<p>D&rsquo;autres fonctionnalit\u00e9s sont en r\u00e9flexion :<\/p>\n<ul>\n<li>Acc\u00e8s potentiel (en fonction des autorisations de la direction ou\/et des enseignants) au bulletin ;<\/li>\n<li>Biblioth\u00e8que virtuelle (fichiers d\u00e9pos\u00e9s par les enseignants ou la direction) ;<\/li>\n<li>QCM cr\u00e9\u00e9s par les enseignants ;<\/li>\n<li>&#8230;<\/li>\n<\/ul>\n\n<!-- wp:image {\"align\":\"center\",\"id\":1350,\"sizeSlug\":\"full\",\"linkDestination\":\"media\"} -->\n<div class=\"wp-block-image\"><figure class=\"aligncenter size-full\"><a href=\"http:\/\/www.b-school.be\/wordpress\/wp-content\/uploads\/2021\/09\/B-Student.png\"><img loading=\"lazy\" width=\"125\" height=\"125\" src=\"http:\/\/www.b-school.be\/wordpress\/wp-content\/uploads\/2021\/09\/B-Student.png\" alt=\"\" class=\"wp-image-1350\" srcset=\"http:\/\/www.b-school.be\/wordpress\/wp-content\/uploads\/2021\/09\/B-Student.png 125w, http:\/\/www.b-school.be\/wordpress\/wp-content\/uploads\/2021\/09\/B-Student-60x60.png 60w\" sizes=\"(max-width: 125px) 100vw, 125px\" \/><\/a><\/figure><\/div>\n<!-- \/wp:image -->\t\t\t\t\t<\/div>\n\t\t\t\t\t\t<\/div>\n\t\t\t\t<\/div>\n\t\t\t\t\t\t<\/div>\n\t\t\t\t\t<\/div>\n\t\t<\/div>\n\t\t\t\t\t\t\t\t<\/div>\n\t\t\t\t\t<\/div>\n\t\t<\/section>\n\t\t\t\t\t\t<\/div>\n\t\t\t\t\t\t<\/div>\n\t\t\t\t\t<\/div>\n\t\t","protected":false},"excerpt":{"rendered":"<p>Les fonctionnalit\u00e9s suivantes sont notamment disponibles dans B-Student : Consultation de l&rsquo;horaire et du journal de classe ; Valves \u00e9lectroniques des \u00e9l\u00e8ves ; Consultation du &hellip; <\/p>\n","protected":false},"author":1,"featured_media":0,"parent":0,"menu_order":0,"comment_status":"closed","ping_status":"closed","template":"","meta":[],"_links":{"self":[{"href":"http:\/\/www.b-school.be\/wordpress\/wp-json\/wp\/v2\/pages\/173"}],"collection":[{"href":"http:\/\/www.b-school.be\/wordpress\/wp-json\/wp\/v2\/pages"}],"about":[{"href":"http:\/\/www.b-school.be\/wordpress\/wp-json\/wp\/v2\/types\/page"}],"author":[{"embeddable":true,"href":"http:\/\/www.b-school.be\/wordpress\/wp-json\/wp\/v2\/users\/1"}],"replies":[{"embeddable":true,"href":"http:\/\/www.b-school.be\/wordpress\/wp-json\/wp\/v2\/comments?post=173"}],"version-history":[{"count":11,"href":"http:\/\/www.b-school.be\/wordpress\/wp-json\/wp\/v2\/pages\/173\/revisions"}],"predecessor-version":[{"id":1402,"href":"http:\/\/www.b-school.be\/wordpress\/wp-json\/wp\/v2\/pages\/173\/revisions\/1402"}],"wp:attachment":[{"href":"http:\/\/www.b-school.be\/wordpress\/wp-json\/wp\/v2\/media?parent=173"}],"curies":[{"name":"wp","href":"https:\/\/api.w.org\/{rel}","templated":true}]}}