{"id":220,"date":"2016-03-10T14:18:55","date_gmt":"2016-03-10T13:18:55","guid":{"rendered":"http:\/\/www.b-gestion.be\/wordpress\/?page_id=220"},"modified":"2021-09-17T15:10:31","modified_gmt":"2021-09-17T14:10:31","slug":"journal-de-classe","status":"publish","type":"page","link":"http:\/\/www.b-school.be\/wordpress\/journal-de-classe\/","title":{"rendered":"Journal de classe"},"content":{"rendered":"\t\t<div data-elementor-type=\"wp-page\" data-elementor-id=\"220\" class=\"elementor elementor-220\" data-elementor-settings=\"[]\">\n\t\t\t\t\t\t<div class=\"elementor-inner\">\n\t\t\t\t\t\t\t<div class=\"elementor-section-wrap\">\n\t\t\t\t\t\t\t<section class=\"elementor-section elementor-top-section elementor-element elementor-element-53ecd709 elementor-section-boxed elementor-section-height-default elementor-section-height-default\" data-id=\"53ecd709\" data-element_type=\"section\">\n\t\t\t\t\t\t<div class=\"elementor-container elementor-column-gap-default\">\n\t\t\t\t\t\t\t<div class=\"elementor-row\">\n\t\t\t\t\t<div class=\"elementor-column elementor-col-100 elementor-top-column elementor-element elementor-element-203e1e59\" data-id=\"203e1e59\" data-element_type=\"column\">\n\t\t\t<div class=\"elementor-column-wrap elementor-element-populated\">\n\t\t\t\t\t\t\t<div class=\"elementor-widget-wrap\">\n\t\t\t\t\t\t<div class=\"elementor-element elementor-element-523b15cb elementor-widget elementor-widget-text-editor\" data-id=\"523b15cb\" data-element_type=\"widget\" data-widget_type=\"text-editor.default\">\n\t\t\t\t<div class=\"elementor-widget-container\">\n\t\t\t\t\t\t\t\t<div class=\"elementor-text-editor elementor-clearfix\">\n\t\t\t\t<p>Planifier ses cours et afficher diff\u00e9rentes vues (journali\u00e8re, hebdomadaire, par cours par mois, par cours annuellement) de son journal de classe en ne r\u00e9alisant qu\u2019un seul encodage ? C\u2019est d\u00e9sormais possible dans B-School depuis f\u00e9vrier 2016.<\/p>\n<p><strong><span style=\"color: #eb6038;\">Caract\u00e9ristiques :<\/strong><\/p>\n<ul>\n<li>Consultation des horaires des \u00e9l\u00e8ves\/professeurs ;<\/li>\n<li>R\u00e9servation de locaux ;<\/li>\n<li>Diff\u00e9rentes vues de son journal de classe (journali\u00e8re, hebdomadaire, par cours);<\/li>\n<li>Ajout d\u2019une interrogation, d&rsquo;une pr\u00e9paration ou d\u2019un \u00e9l\u00e9ment (intitul\u00e9 de le\u00e7on).<\/li>\n<\/ul>\n<!-- wp:image {\"align\":\"center\",\"id\":1360,\"sizeSlug\":\"full\",\"linkDestination\":\"media\"} -->\n<div class=\"wp-block-image\">\n<figure class=\"aligncenter size-full\"><a href=\"http:\/\/www.b-school.be\/wordpress\/wp-content\/uploads\/2021\/09\/journal-de-classe.png\"><img loading=\"lazy\" width=\"125\" height=\"122\" class=\"wp-image-1360\" src=\"http:\/\/www.b-school.be\/wordpress\/wp-content\/uploads\/2021\/09\/journal-de-classe.png\" alt=\"\" srcset=\"http:\/\/www.b-school.be\/wordpress\/wp-content\/uploads\/2021\/09\/journal-de-classe.png 125w, http:\/\/www.b-school.be\/wordpress\/wp-content\/uploads\/2021\/09\/journal-de-classe-61x60.png 61w\" sizes=\"(max-width: 125px) 100vw, 125px\" \/><\/a><\/figure>\n<\/div>\n<!-- \/wp:image -->\t\t\t\t\t<\/div>\n\t\t\t\t\t\t<\/div>\n\t\t\t\t<\/div>\n\t\t\t\t\t\t<\/div>\n\t\t\t\t\t<\/div>\n\t\t<\/div>\n\t\t\t\t\t\t\t\t<\/div>\n\t\t\t\t\t<\/div>\n\t\t<\/section>\n\t\t\t\t\t\t<\/div>\n\t\t\t\t\t\t<\/div>\n\t\t\t\t\t<\/div>\n\t\t","protected":false},"excerpt":{"rendered":"<p>Planifier ses cours et afficher diff\u00e9rentes vues (journali\u00e8re, hebdomadaire, par cours par mois, par cours annuellement) de son journal de classe en ne r\u00e9alisant qu\u2019un &hellip; <\/p>\n","protected":false},"author":1,"featured_media":0,"parent":0,"menu_order":0,"comment_status":"closed","ping_status":"closed","template":"","meta":[],"_links":{"self":[{"href":"http:\/\/www.b-school.be\/wordpress\/wp-json\/wp\/v2\/pages\/220"}],"collection":[{"href":"http:\/\/www.b-school.be\/wordpress\/wp-json\/wp\/v2\/pages"}],"about":[{"href":"http:\/\/www.b-school.be\/wordpress\/wp-json\/wp\/v2\/types\/page"}],"author":[{"embeddable":true,"href":"http:\/\/www.b-school.be\/wordpress\/wp-json\/wp\/v2\/users\/1"}],"replies":[{"embeddable":true,"href":"http:\/\/www.b-school.be\/wordpress\/wp-json\/wp\/v2\/comments?post=220"}],"version-history":[{"count":12,"href":"http:\/\/www.b-school.be\/wordpress\/wp-json\/wp\/v2\/pages\/220\/revisions"}],"predecessor-version":[{"id":1432,"href":"http:\/\/www.b-school.be\/wordpress\/wp-json\/wp\/v2\/pages\/220\/revisions\/1432"}],"wp:attachment":[{"href":"http:\/\/www.b-school.be\/wordpress\/wp-json\/wp\/v2\/media?parent=220"}],"curies":[{"name":"wp","href":"https:\/\/api.w.org\/{rel}","templated":true}]}}