{"id":29,"date":"2015-10-14T15:14:37","date_gmt":"2015-10-14T14:14:37","guid":{"rendered":"http:\/\/www.b-gestion.be\/wordpress\/?page_id=29"},"modified":"2021-09-17T15:07:38","modified_gmt":"2021-09-17T14:07:38","slug":"carnet-de-cotes-et-bulletins","status":"publish","type":"page","link":"http:\/\/www.b-school.be\/wordpress\/carnet-de-cotes-et-bulletins\/","title":{"rendered":"Carnet de cotes"},"content":{"rendered":"\t\t<div data-elementor-type=\"wp-page\" data-elementor-id=\"29\" class=\"elementor elementor-29\" data-elementor-settings=\"[]\">\n\t\t\t\t\t\t<div class=\"elementor-inner\">\n\t\t\t\t\t\t\t<div class=\"elementor-section-wrap\">\n\t\t\t\t\t\t\t<section class=\"elementor-section elementor-top-section elementor-element elementor-element-204f00a1 elementor-section-boxed elementor-section-height-default elementor-section-height-default\" data-id=\"204f00a1\" data-element_type=\"section\">\n\t\t\t\t\t\t<div class=\"elementor-container elementor-column-gap-default\">\n\t\t\t\t\t\t\t<div class=\"elementor-row\">\n\t\t\t\t\t<div class=\"elementor-column elementor-col-100 elementor-top-column elementor-element elementor-element-2be08a5f\" data-id=\"2be08a5f\" data-element_type=\"column\">\n\t\t\t<div class=\"elementor-column-wrap elementor-element-populated\">\n\t\t\t\t\t\t\t<div class=\"elementor-widget-wrap\">\n\t\t\t\t\t\t<div class=\"elementor-element elementor-element-21f6648f elementor-widget elementor-widget-text-editor\" data-id=\"21f6648f\" data-element_type=\"widget\" data-widget_type=\"text-editor.default\">\n\t\t\t\t<div class=\"elementor-widget-container\">\n\t\t\t\t\t\t\t\t<div class=\"elementor-text-editor elementor-clearfix\">\n\t\t\t\t<p>En lien avec le<strong><span style=\"color: #eb6038;\"> bulletin<\/strong>, nous l&rsquo;adaptons pour qu&rsquo;il soit utilisable en fonction des usages dans votre \u00e9cole (utilisation des comp\u00e9tences ou non, syst\u00e8me \u00e9volutif ou non, encodage par diff\u00e9rents enseignants pour un m\u00eame cours, &#8230;) + module SIPS\/UAA\/CPU.<\/p>\n<p>Le carnet de cotes permet \u00e9galement de visualiser les <strong><span style=\"color: #eb6038;\">absences des \u00e9l\u00e8ves<\/strong>. L&rsquo;encodage d&rsquo;une \u00e9valuation est li\u00e9 \u00e0 une date et une plage-horaire pr\u00e9cise, permettant de savoir directement si les \u00e9l\u00e8ves absents le jour de l&rsquo;\u00e9valuation ont le droit de repr\u00e9senter celle-ci ou non.<\/p>\n<p>Il est aussi possible de r\u00e9diger les <strong><span style=\"color: #eb6038;\">commentaires du bulletin<\/strong> directement dans le carnet de cotes. Cette fonctionnalit\u00e9 est pratique car elle permet de r\u00e9diger un commentaire en ayant la situation chiffr\u00e9e pr\u00e9cise et d\u00e9taill\u00e9e de l&rsquo;\u00e9l\u00e8ve sous les yeux.<\/p>\n<p><a href=\"http:\/\/www.b-gestion.be\/wordpress\/wp-content\/uploads\/2015\/10\/carnet_cotes_1.png\"><img loading=\"lazy\" class=\"aligncenter wp-image-202 size-large\" src=\"http:\/\/www.b-school.be\/wordpress\/wp-content\/uploads\/2015\/10\/carnet_cotes_1-1024x547.png\" alt=\"carnet_cotes_1\" width=\"675\" height=\"361\" srcset=\"http:\/\/www.b-school.be\/wordpress\/wp-content\/uploads\/2015\/10\/carnet_cotes_1-1024x547.png 1024w, http:\/\/www.b-school.be\/wordpress\/wp-content\/uploads\/2015\/10\/carnet_cotes_1-300x160.png 300w, http:\/\/www.b-school.be\/wordpress\/wp-content\/uploads\/2015\/10\/carnet_cotes_1.png 1850w\" sizes=\"(max-width: 675px) 100vw, 675px\" \/><\/a><\/p>\n<p>&nbsp;<\/p>\n<!-- wp:image {\"align\":\"center\",\"id\":1356,\"sizeSlug\":\"full\",\"linkDestination\":\"media\"} -->\n<div class=\"wp-block-image\">\n<figure class=\"aligncenter size-full\"><a href=\"http:\/\/www.b-school.be\/wordpress\/wp-content\/uploads\/2021\/09\/carnet-de-notes.png\"><img loading=\"lazy\" width=\"125\" height=\"124\" class=\"wp-image-1356\" src=\"http:\/\/www.b-school.be\/wordpress\/wp-content\/uploads\/2021\/09\/carnet-de-notes.png\" alt=\"\" srcset=\"http:\/\/www.b-school.be\/wordpress\/wp-content\/uploads\/2021\/09\/carnet-de-notes.png 125w, http:\/\/www.b-school.be\/wordpress\/wp-content\/uploads\/2021\/09\/carnet-de-notes-60x60.png 60w\" sizes=\"(max-width: 125px) 100vw, 125px\" \/><\/a><\/figure>\n<\/div>\n<!-- \/wp:image -->\t\t\t\t\t<\/div>\n\t\t\t\t\t\t<\/div>\n\t\t\t\t<\/div>\n\t\t\t\t\t\t<\/div>\n\t\t\t\t\t<\/div>\n\t\t<\/div>\n\t\t\t\t\t\t\t\t<\/div>\n\t\t\t\t\t<\/div>\n\t\t<\/section>\n\t\t\t\t\t\t<\/div>\n\t\t\t\t\t\t<\/div>\n\t\t\t\t\t<\/div>\n\t\t","protected":false},"excerpt":{"rendered":"<p>En lien avec le bulletin, nous l&rsquo;adaptons pour qu&rsquo;il soit utilisable en fonction des usages dans votre \u00e9cole (utilisation des comp\u00e9tences ou non, syst\u00e8me \u00e9volutif &hellip; <\/p>\n","protected":false},"author":1,"featured_media":0,"parent":0,"menu_order":0,"comment_status":"closed","ping_status":"closed","template":"","meta":[],"_links":{"self":[{"href":"http:\/\/www.b-school.be\/wordpress\/wp-json\/wp\/v2\/pages\/29"}],"collection":[{"href":"http:\/\/www.b-school.be\/wordpress\/wp-json\/wp\/v2\/pages"}],"about":[{"href":"http:\/\/www.b-school.be\/wordpress\/wp-json\/wp\/v2\/types\/page"}],"author":[{"embeddable":true,"href":"http:\/\/www.b-school.be\/wordpress\/wp-json\/wp\/v2\/users\/1"}],"replies":[{"embeddable":true,"href":"http:\/\/www.b-school.be\/wordpress\/wp-json\/wp\/v2\/comments?post=29"}],"version-history":[{"count":14,"href":"http:\/\/www.b-school.be\/wordpress\/wp-json\/wp\/v2\/pages\/29\/revisions"}],"predecessor-version":[{"id":1420,"href":"http:\/\/www.b-school.be\/wordpress\/wp-json\/wp\/v2\/pages\/29\/revisions\/1420"}],"wp:attachment":[{"href":"http:\/\/www.b-school.be\/wordpress\/wp-json\/wp\/v2\/media?parent=29"}],"curies":[{"name":"wp","href":"https:\/\/api.w.org\/{rel}","templated":true}]}}