{"id":371,"date":"2016-08-25T19:33:54","date_gmt":"2016-08-25T18:33:54","guid":{"rendered":"http:\/\/www.b-school.be\/wordpress\/?page_id=371"},"modified":"2019-11-30T16:40:13","modified_gmt":"2019-11-30T15:40:13","slug":"les-pia","status":"publish","type":"page","link":"http:\/\/www.b-school.be\/wordpress\/les-pia\/","title":{"rendered":"Les PIA"},"content":{"rendered":"<p>Les PIA sont d\u00e9sormais int\u00e9gr\u00e9s au <a href=\"http:\/\/www.b-school.be\/wordpress\/module-de-suivi-des-eleves\/\" target=\"_blank\" rel=\"noopener\">module de suivi de l&rsquo;\u00e9l\u00e8ve<\/a>.<\/p>\n<p>Les possibilit\u00e9s de personnalisation de ce module sont telles que vous pourrez cr\u00e9er un PIA sur mesure, selon les pratiques en vigueur dans votre \u00e9cole (cr\u00e9ation illimit\u00e9e d&rsquo;onglets et formulaires).<\/p>\n<p>La gestion des informations et le partage de celles-ci sont con\u00e7us au regard des r\u00e8gles du RGPD.<\/p>\n<p><a href=\"http:\/\/www.b-school.be\/wordpress\/wp-content\/uploads\/2019\/02\/Image8.png\"><img loading=\"lazy\" class=\"alignleft size-full wp-image-762\" src=\"http:\/\/www.b-school.be\/wordpress\/wp-content\/uploads\/2019\/02\/Image8.png\" alt=\"\" width=\"232\" height=\"252\" \/><\/a><\/p>\n","protected":false},"excerpt":{"rendered":"<p>Les PIA sont d\u00e9sormais int\u00e9gr\u00e9s au module de suivi de l&rsquo;\u00e9l\u00e8ve. Les possibilit\u00e9s de personnalisation de ce module sont telles que vous pourrez cr\u00e9er un &hellip; <\/p>\n","protected":false},"author":1,"featured_media":0,"parent":0,"menu_order":0,"comment_status":"closed","ping_status":"closed","template":"","meta":[],"_links":{"self":[{"href":"http:\/\/www.b-school.be\/wordpress\/wp-json\/wp\/v2\/pages\/371"}],"collection":[{"href":"http:\/\/www.b-school.be\/wordpress\/wp-json\/wp\/v2\/pages"}],"about":[{"href":"http:\/\/www.b-school.be\/wordpress\/wp-json\/wp\/v2\/types\/page"}],"author":[{"embeddable":true,"href":"http:\/\/www.b-school.be\/wordpress\/wp-json\/wp\/v2\/users\/1"}],"replies":[{"embeddable":true,"href":"http:\/\/www.b-school.be\/wordpress\/wp-json\/wp\/v2\/comments?post=371"}],"version-history":[{"count":4,"href":"http:\/\/www.b-school.be\/wordpress\/wp-json\/wp\/v2\/pages\/371\/revisions"}],"predecessor-version":[{"id":922,"href":"http:\/\/www.b-school.be\/wordpress\/wp-json\/wp\/v2\/pages\/371\/revisions\/922"}],"wp:attachment":[{"href":"http:\/\/www.b-school.be\/wordpress\/wp-json\/wp\/v2\/media?parent=371"}],"curies":[{"name":"wp","href":"https:\/\/api.w.org\/{rel}","templated":true}]}}