{"id":373,"date":"2016-08-25T19:34:25","date_gmt":"2016-08-25T18:34:25","guid":{"rendered":"http:\/\/www.b-school.be\/wordpress\/?page_id=373"},"modified":"2021-09-17T15:17:09","modified_gmt":"2021-09-17T14:17:09","slug":"les-sips","status":"publish","type":"page","link":"http:\/\/www.b-school.be\/wordpress\/les-sips\/","title":{"rendered":"Les SIPS-UAA-CPU"},"content":{"rendered":"\t\t<div data-elementor-type=\"wp-page\" data-elementor-id=\"373\" class=\"elementor elementor-373\" data-elementor-settings=\"[]\">\n\t\t\t\t\t\t<div class=\"elementor-inner\">\n\t\t\t\t\t\t\t<div class=\"elementor-section-wrap\">\n\t\t\t\t\t\t\t<section class=\"elementor-section elementor-top-section elementor-element elementor-element-216b6aa elementor-section-boxed elementor-section-height-default elementor-section-height-default\" data-id=\"216b6aa\" data-element_type=\"section\">\n\t\t\t\t\t\t<div class=\"elementor-container elementor-column-gap-default\">\n\t\t\t\t\t\t\t<div class=\"elementor-row\">\n\t\t\t\t\t<div class=\"elementor-column elementor-col-100 elementor-top-column elementor-element elementor-element-7e61453f\" data-id=\"7e61453f\" data-element_type=\"column\">\n\t\t\t<div class=\"elementor-column-wrap elementor-element-populated\">\n\t\t\t\t\t\t\t<div class=\"elementor-widget-wrap\">\n\t\t\t\t\t\t<div class=\"elementor-element elementor-element-2cfe165e elementor-widget elementor-widget-text-editor\" data-id=\"2cfe165e\" data-element_type=\"widget\" data-widget_type=\"text-editor.default\">\n\t\t\t\t<div class=\"elementor-widget-container\">\n\t\t\t\t\t\t\t\t<div class=\"elementor-text-editor elementor-clearfix\">\n\t\t\t\t<p><span style=\"color: #eb6038;\"><strong>Caract\u00e9ristiques :<\/strong><\/span><\/p>\n<ul>\n<li>Cotation des SIPS en mode alphanum\u00e9rique ou num\u00e9rique ;<\/li>\n<li>Possibilit\u00e9 de scinder une SIPS en domaine ;<\/li>\n<li>Cr\u00e9ation de crit\u00e8res et indicateurs pour les UAA ;<\/li>\n<li>\u00c9valuation des crit\u00e8res des UAA par simple clic (OUI\/NON ou A\/NA\/EVA\/NE&#8230;) ;<\/li>\n<li>Tri et filtre par cat\u00e9gories ;<\/li>\n<li>Possibilit\u00e9 de cibler des professeurs responsables ;<\/li>\n<li>Historique des \u00e9preuves de l\u2019\u00e9l\u00e8ve ;<\/li>\n<li>&#8230;<\/li>\n<\/ul>\n<!-- wp:image {\"align\":\"center\",\"id\":1365,\"sizeSlug\":\"full\",\"linkDestination\":\"media\"} -->\n<div class=\"wp-block-image\">\n<figure class=\"aligncenter size-full\"><a href=\"http:\/\/www.b-school.be\/wordpress\/wp-content\/uploads\/2021\/09\/sips.png\"><img loading=\"lazy\" width=\"125\" height=\"124\" class=\"wp-image-1365\" src=\"http:\/\/www.b-school.be\/wordpress\/wp-content\/uploads\/2021\/09\/sips.png\" alt=\"\" srcset=\"http:\/\/www.b-school.be\/wordpress\/wp-content\/uploads\/2021\/09\/sips.png 125w, http:\/\/www.b-school.be\/wordpress\/wp-content\/uploads\/2021\/09\/sips-60x60.png 60w\" sizes=\"(max-width: 125px) 100vw, 125px\" \/><\/a><\/figure>\n<\/div>\n<!-- \/wp:image -->\t\t\t\t\t<\/div>\n\t\t\t\t\t\t<\/div>\n\t\t\t\t<\/div>\n\t\t\t\t\t\t<\/div>\n\t\t\t\t\t<\/div>\n\t\t<\/div>\n\t\t\t\t\t\t\t\t<\/div>\n\t\t\t\t\t<\/div>\n\t\t<\/section>\n\t\t\t\t\t\t<\/div>\n\t\t\t\t\t\t<\/div>\n\t\t\t\t\t<\/div>\n\t\t","protected":false},"excerpt":{"rendered":"<p>Caract\u00e9ristiques : Cotation des SIPS en mode alphanum\u00e9rique ou num\u00e9rique ; Possibilit\u00e9 de scinder une SIPS en domaine ; Cr\u00e9ation de crit\u00e8res et indicateurs pour &hellip; <\/p>\n","protected":false},"author":1,"featured_media":0,"parent":0,"menu_order":0,"comment_status":"closed","ping_status":"closed","template":"","meta":[],"_links":{"self":[{"href":"http:\/\/www.b-school.be\/wordpress\/wp-json\/wp\/v2\/pages\/373"}],"collection":[{"href":"http:\/\/www.b-school.be\/wordpress\/wp-json\/wp\/v2\/pages"}],"about":[{"href":"http:\/\/www.b-school.be\/wordpress\/wp-json\/wp\/v2\/types\/page"}],"author":[{"embeddable":true,"href":"http:\/\/www.b-school.be\/wordpress\/wp-json\/wp\/v2\/users\/1"}],"replies":[{"embeddable":true,"href":"http:\/\/www.b-school.be\/wordpress\/wp-json\/wp\/v2\/comments?post=373"}],"version-history":[{"count":11,"href":"http:\/\/www.b-school.be\/wordpress\/wp-json\/wp\/v2\/pages\/373\/revisions"}],"predecessor-version":[{"id":1450,"href":"http:\/\/www.b-school.be\/wordpress\/wp-json\/wp\/v2\/pages\/373\/revisions\/1450"}],"wp:attachment":[{"href":"http:\/\/www.b-school.be\/wordpress\/wp-json\/wp\/v2\/media?parent=373"}],"curies":[{"name":"wp","href":"https:\/\/api.w.org\/{rel}","templated":true}]}}