{"id":472,"date":"2017-03-01T13:56:04","date_gmt":"2017-03-01T12:56:04","guid":{"rendered":"http:\/\/www.b-school.be\/wordpress\/?page_id=472"},"modified":"2022-03-03T14:54:43","modified_gmt":"2022-03-03T13:54:43","slug":"les-ecoles-en-parlent","status":"publish","type":"page","link":"http:\/\/www.b-school.be\/wordpress\/les-ecoles-en-parlent\/","title":{"rendered":"Les \u00e9coles en parlent&#8230;"},"content":{"rendered":"\t\t<div data-elementor-type=\"wp-page\" data-elementor-id=\"472\" class=\"elementor elementor-472\" data-elementor-settings=\"[]\">\n\t\t\t\t\t\t<div class=\"elementor-inner\">\n\t\t\t\t\t\t\t<div class=\"elementor-section-wrap\">\n\t\t\t\t\t\t\t<section class=\"elementor-section elementor-top-section elementor-element elementor-element-e3b6390 elementor-section-boxed elementor-section-height-default elementor-section-height-default\" data-id=\"e3b6390\" data-element_type=\"section\">\n\t\t\t\t\t\t<div class=\"elementor-container elementor-column-gap-default\">\n\t\t\t\t\t\t\t<div class=\"elementor-row\">\n\t\t\t\t\t<div class=\"elementor-column elementor-col-66 elementor-top-column elementor-element elementor-element-3a58920\" data-id=\"3a58920\" data-element_type=\"column\">\n\t\t\t<div class=\"elementor-column-wrap elementor-element-populated\">\n\t\t\t\t\t\t\t<div class=\"elementor-widget-wrap\">\n\t\t\t\t\t\t<div class=\"elementor-element elementor-element-dc3f606 elementor-widget elementor-widget-image\" data-id=\"dc3f606\" data-element_type=\"widget\" data-widget_type=\"image.default\">\n\t\t\t\t<div class=\"elementor-widget-container\">\n\t\t\t\t\t\t\t\t<div class=\"elementor-image\">\n\t\t\t\t\t\t\t\t\t\t\t\t<img width=\"684\" height=\"501\" src=\"http:\/\/www.b-school.be\/wordpress\/wp-content\/uploads\/2022\/03\/temoignage1.jpg\" class=\"attachment-large size-large\" alt=\"\" loading=\"lazy\" srcset=\"http:\/\/www.b-school.be\/wordpress\/wp-content\/uploads\/2022\/03\/temoignage1.jpg 684w, http:\/\/www.b-school.be\/wordpress\/wp-content\/uploads\/2022\/03\/temoignage1-300x220.jpg 300w, http:\/\/www.b-school.be\/wordpress\/wp-content\/uploads\/2022\/03\/temoignage1-82x60.jpg 82w\" sizes=\"(max-width: 684px) 100vw, 684px\" \/>\t\t\t\t\t\t\t\t\t\t\t\t\t\t<\/div>\n\t\t\t\t\t\t<\/div>\n\t\t\t\t<\/div>\n\t\t\t\t\t\t<\/div>\n\t\t\t\t\t<\/div>\n\t\t<\/div>\n\t\t\t\t<div class=\"elementor-column elementor-col-33 elementor-top-column elementor-element elementor-element-d408581\" data-id=\"d408581\" data-element_type=\"column\">\n\t\t\t<div class=\"elementor-column-wrap elementor-element-populated\">\n\t\t\t\t\t\t\t<div class=\"elementor-widget-wrap\">\n\t\t\t\t\t\t<div class=\"elementor-element elementor-element-f17c4ee elementor-widget elementor-widget-text-editor\" data-id=\"f17c4ee\" data-element_type=\"widget\" data-widget_type=\"text-editor.default\">\n\t\t\t\t<div class=\"elementor-widget-container\">\n\t\t\t\t\t\t\t\t<div class=\"elementor-text-editor elementor-clearfix\">\n\t\t\t\t<div style=\"font-size: 16px;\">\n<div>Pour cette \u00e9cole, nous avons&nbsp;<u>notamment<\/u>&nbsp;d\u00e9velopp\u00e9 les fonctionnalit\u00e9s\/modules suivants :<\/div>\n<div>&nbsp;<\/div>\n<ul>\n<li><span style=\"color: var( --e-global-color-text ); font-family: var( --e-global-typography-text-font-family ), Sans-serif; font-weight: var( --e-global-typography-text-font-weight );\">Diff\u00e9rentes pages et fonctionnalit\u00e9s permettant \u00e0 B-School de devenir ind\u00e9pendant en terme de prise des pr\u00e9sences&nbsp;;<\/span><\/li>\n<li>Possibilit\u00e9 d&rsquo;ajouter plusieurs \u00e9ducateurs par classe&nbsp;;<\/li>\n<li>Cr\u00e9ation du carnet d&rsquo;appr\u00e9ciations ;<\/li>\n<li>Pouvoir pr\u00e9ciser les colonnes \u00e0 afficher dans le bulletin.<\/li>\n<\/ul>\n<\/div>\n<p>.<\/p>\t\t\t\t\t<\/div>\n\t\t\t\t\t\t<\/div>\n\t\t\t\t<\/div>\n\t\t\t\t\t\t<\/div>\n\t\t\t\t\t<\/div>\n\t\t<\/div>\n\t\t\t\t\t\t\t\t<\/div>\n\t\t\t\t\t<\/div>\n\t\t<\/section>\n\t\t\t\t<section class=\"elementor-section elementor-top-section elementor-element elementor-element-853693a elementor-section-boxed elementor-section-height-default elementor-section-height-default\" data-id=\"853693a\" data-element_type=\"section\">\n\t\t\t\t\t\t<div class=\"elementor-container elementor-column-gap-default\">\n\t\t\t\t\t\t\t<div class=\"elementor-row\">\n\t\t\t\t\t<div class=\"elementor-column elementor-col-66 elementor-top-column elementor-element elementor-element-257c9a0\" data-id=\"257c9a0\" data-element_type=\"column\">\n\t\t\t<div class=\"elementor-column-wrap elementor-element-populated\">\n\t\t\t\t\t\t\t<div class=\"elementor-widget-wrap\">\n\t\t\t\t\t\t<div class=\"elementor-element elementor-element-317b227 elementor-widget elementor-widget-image\" data-id=\"317b227\" data-element_type=\"widget\" data-widget_type=\"image.default\">\n\t\t\t\t<div class=\"elementor-widget-container\">\n\t\t\t\t\t\t\t\t<div class=\"elementor-image\">\n\t\t\t\t\t\t\t\t\t\t\t\t<img width=\"683\" height=\"500\" src=\"http:\/\/www.b-school.be\/wordpress\/wp-content\/uploads\/2022\/03\/temoignage2.jpg\" class=\"attachment-large size-large\" alt=\"\" loading=\"lazy\" srcset=\"http:\/\/www.b-school.be\/wordpress\/wp-content\/uploads\/2022\/03\/temoignage2.jpg 683w, http:\/\/www.b-school.be\/wordpress\/wp-content\/uploads\/2022\/03\/temoignage2-300x220.jpg 300w, http:\/\/www.b-school.be\/wordpress\/wp-content\/uploads\/2022\/03\/temoignage2-82x60.jpg 82w\" sizes=\"(max-width: 683px) 100vw, 683px\" \/>\t\t\t\t\t\t\t\t\t\t\t\t\t\t<\/div>\n\t\t\t\t\t\t<\/div>\n\t\t\t\t<\/div>\n\t\t\t\t\t\t<\/div>\n\t\t\t\t\t<\/div>\n\t\t<\/div>\n\t\t\t\t<div class=\"elementor-column elementor-col-33 elementor-top-column elementor-element elementor-element-2803c51\" data-id=\"2803c51\" data-element_type=\"column\">\n\t\t\t<div class=\"elementor-column-wrap elementor-element-populated\">\n\t\t\t\t\t\t\t<div class=\"elementor-widget-wrap\">\n\t\t\t\t\t\t<div class=\"elementor-element elementor-element-7eafcd9 elementor-widget elementor-widget-text-editor\" data-id=\"7eafcd9\" data-element_type=\"widget\" data-widget_type=\"text-editor.default\">\n\t\t\t\t<div class=\"elementor-widget-container\">\n\t\t\t\t\t\t\t\t<div class=\"elementor-text-editor elementor-clearfix\">\n\t\t\t\t<div style=\"font-size: 16px;\">\u00a0<\/div><div style=\"font-size: 16px;\">\u00a0<\/div><div style=\"font-size: 16px;\">\u00a0<\/div><div style=\"font-size: 16px;\">\u00a0<\/div><div style=\"font-size: 16px;\"><span style=\"color: var( --e-global-color-text ); font-family: var( --e-global-typography-text-font-family ), Sans-serif; font-weight: var( --e-global-typography-text-font-weight );\">Pour cette \u00e9cole, nous avons\u00a0<\/span><u style=\"color: var( --e-global-color-text ); font-family: var( --e-global-typography-text-font-family ), Sans-serif; font-weight: var( --e-global-typography-text-font-weight );\">notamment<\/u><span style=\"color: var( --e-global-color-text ); font-family: var( --e-global-typography-text-font-family ), Sans-serif; font-weight: var( --e-global-typography-text-font-weight );\">\u00a0programm\u00e9 les fonctionnalit\u00e9s\/modules suivants:<\/span><\/div><div style=\"font-size: 16px;\">\u00a0<\/div><ul style=\"font-size: 16px;\"><li>Ajout d&rsquo;un num\u00e9ro d&rsquo;ordre dans la liste de ses cours ;<\/li><li>Possibilit\u00e9 d&rsquo;ajouter un commentaire dans le bulletin directement depuis le carnet d&rsquo;appr\u00e9ciation ;<\/li><li>Possibilit\u00e9 d&rsquo;ajouter une \u00e9valuation depuis le carnet de cotes ;<\/li><li>Acc\u00e8s au journal de classe num\u00e9rique depuis B-Student.<\/li><\/ul>\t\t\t\t\t<\/div>\n\t\t\t\t\t\t<\/div>\n\t\t\t\t<\/div>\n\t\t\t\t\t\t<\/div>\n\t\t\t\t\t<\/div>\n\t\t<\/div>\n\t\t\t\t\t\t\t\t<\/div>\n\t\t\t\t\t<\/div>\n\t\t<\/section>\n\t\t\t\t<section class=\"elementor-section elementor-top-section elementor-element elementor-element-788e68d elementor-section-boxed elementor-section-height-default elementor-section-height-default\" data-id=\"788e68d\" data-element_type=\"section\">\n\t\t\t\t\t\t<div class=\"elementor-container elementor-column-gap-default\">\n\t\t\t\t\t\t\t<div class=\"elementor-row\">\n\t\t\t\t\t<div class=\"elementor-column elementor-col-66 elementor-top-column elementor-element elementor-element-fc4511d\" data-id=\"fc4511d\" data-element_type=\"column\">\n\t\t\t<div class=\"elementor-column-wrap elementor-element-populated\">\n\t\t\t\t\t\t\t<div class=\"elementor-widget-wrap\">\n\t\t\t\t\t\t<div class=\"elementor-element elementor-element-91a9d03 elementor-widget elementor-widget-image\" data-id=\"91a9d03\" data-element_type=\"widget\" data-widget_type=\"image.default\">\n\t\t\t\t<div class=\"elementor-widget-container\">\n\t\t\t\t\t\t\t\t<div class=\"elementor-image\">\n\t\t\t\t\t\t\t\t\t\t\t\t<img width=\"684\" height=\"501\" src=\"http:\/\/www.b-school.be\/wordpress\/wp-content\/uploads\/2022\/03\/temoignage3.jpg\" class=\"attachment-large size-large\" alt=\"\" loading=\"lazy\" srcset=\"http:\/\/www.b-school.be\/wordpress\/wp-content\/uploads\/2022\/03\/temoignage3.jpg 684w, http:\/\/www.b-school.be\/wordpress\/wp-content\/uploads\/2022\/03\/temoignage3-300x220.jpg 300w, http:\/\/www.b-school.be\/wordpress\/wp-content\/uploads\/2022\/03\/temoignage3-82x60.jpg 82w\" sizes=\"(max-width: 684px) 100vw, 684px\" \/>\t\t\t\t\t\t\t\t\t\t\t\t\t\t<\/div>\n\t\t\t\t\t\t<\/div>\n\t\t\t\t<\/div>\n\t\t\t\t\t\t<\/div>\n\t\t\t\t\t<\/div>\n\t\t<\/div>\n\t\t\t\t<div class=\"elementor-column elementor-col-33 elementor-top-column elementor-element elementor-element-729011e\" data-id=\"729011e\" data-element_type=\"column\">\n\t\t\t<div class=\"elementor-column-wrap elementor-element-populated\">\n\t\t\t\t\t\t\t<div class=\"elementor-widget-wrap\">\n\t\t\t\t\t\t<div class=\"elementor-element elementor-element-e826cf8 elementor-widget elementor-widget-text-editor\" data-id=\"e826cf8\" data-element_type=\"widget\" data-widget_type=\"text-editor.default\">\n\t\t\t\t<div class=\"elementor-widget-container\">\n\t\t\t\t\t\t\t\t<div class=\"elementor-text-editor elementor-clearfix\">\n\t\t\t\t<div style=\"font-size: 16px;\">\u00a0<\/div><div style=\"font-size: 16px;\">\u00a0<\/div><div style=\"font-size: 16px;\">\u00a0<\/div><div style=\"font-size: 16px;\">\u00a0<\/div><div style=\"font-size: 16px;\">\u00a0<\/div><div style=\"font-size: 16px;\">\u00a0<\/div><div style=\"font-size: 16px;\">Pour cette \u00e9cole, nous avons\u00a0<u>notamment<\/u>\u00a0programm\u00e9 les fonctionnalit\u00e9s\/modules suivants:<\/div><div style=\"font-size: 16px;\">\u00a0<\/div><ul style=\"font-size: 16px;\"><li>Cr\u00e9ation de l&rsquo;interface \u00e9ducateur pour la prise des pr\u00e9sences directement dans les classes ;<\/li><li>Page r\u00e9capitulative quotidienne des \u00e9l\u00e8ves absents avec coordonn\u00e9es des parents ;<\/li><li>Possibilit\u00e9 de renommer le module \u00ab\u00a0SIPS\u00a0\u00bb.<\/li><\/ul>\t\t\t\t\t<\/div>\n\t\t\t\t\t\t<\/div>\n\t\t\t\t<\/div>\n\t\t\t\t\t\t<\/div>\n\t\t\t\t\t<\/div>\n\t\t<\/div>\n\t\t\t\t\t\t\t\t<\/div>\n\t\t\t\t\t<\/div>\n\t\t<\/section>\n\t\t\t\t<section class=\"elementor-section elementor-top-section elementor-element elementor-element-0e808c8 elementor-section-boxed elementor-section-height-default elementor-section-height-default\" data-id=\"0e808c8\" data-element_type=\"section\">\n\t\t\t\t\t\t<div class=\"elementor-container elementor-column-gap-default\">\n\t\t\t\t\t\t\t<div class=\"elementor-row\">\n\t\t\t\t\t<div class=\"elementor-column elementor-col-66 elementor-top-column elementor-element elementor-element-8dad957\" data-id=\"8dad957\" data-element_type=\"column\">\n\t\t\t<div class=\"elementor-column-wrap elementor-element-populated\">\n\t\t\t\t\t\t\t<div class=\"elementor-widget-wrap\">\n\t\t\t\t\t\t<div class=\"elementor-element elementor-element-03499f5 elementor-widget elementor-widget-image\" data-id=\"03499f5\" data-element_type=\"widget\" data-widget_type=\"image.default\">\n\t\t\t\t<div class=\"elementor-widget-container\">\n\t\t\t\t\t\t\t\t<div class=\"elementor-image\">\n\t\t\t\t\t\t\t\t\t\t\t\t<img width=\"684\" height=\"516\" src=\"http:\/\/www.b-school.be\/wordpress\/wp-content\/uploads\/2022\/03\/temoignage4.jpg\" class=\"attachment-large size-large\" alt=\"\" loading=\"lazy\" srcset=\"http:\/\/www.b-school.be\/wordpress\/wp-content\/uploads\/2022\/03\/temoignage4.jpg 684w, http:\/\/www.b-school.be\/wordpress\/wp-content\/uploads\/2022\/03\/temoignage4-300x226.jpg 300w, http:\/\/www.b-school.be\/wordpress\/wp-content\/uploads\/2022\/03\/temoignage4-80x60.jpg 80w\" sizes=\"(max-width: 684px) 100vw, 684px\" \/>\t\t\t\t\t\t\t\t\t\t\t\t\t\t<\/div>\n\t\t\t\t\t\t<\/div>\n\t\t\t\t<\/div>\n\t\t\t\t\t\t<\/div>\n\t\t\t\t\t<\/div>\n\t\t<\/div>\n\t\t\t\t<div class=\"elementor-column elementor-col-33 elementor-top-column elementor-element elementor-element-20b1034\" data-id=\"20b1034\" data-element_type=\"column\">\n\t\t\t<div class=\"elementor-column-wrap elementor-element-populated\">\n\t\t\t\t\t\t\t<div class=\"elementor-widget-wrap\">\n\t\t\t\t\t\t<div class=\"elementor-element elementor-element-b9d3b57 elementor-widget elementor-widget-text-editor\" data-id=\"b9d3b57\" data-element_type=\"widget\" data-widget_type=\"text-editor.default\">\n\t\t\t\t<div class=\"elementor-widget-container\">\n\t\t\t\t\t\t\t\t<div class=\"elementor-text-editor elementor-clearfix\">\n\t\t\t\t<div style=\"font-size: 16px;\">\u00a0<\/div><div style=\"font-size: 16px;\"><span style=\"color: var( --e-global-color-text ); font-family: var( --e-global-typography-text-font-family ), Sans-serif; font-weight: var( --e-global-typography-text-font-weight );\">Pour cette \u00e9cole, nous avons\u00a0<\/span><u style=\"color: var( --e-global-color-text ); font-family: var( --e-global-typography-text-font-family ), Sans-serif; font-weight: var( --e-global-typography-text-font-weight );\">notamment<\/u><span style=\"color: var( --e-global-color-text ); font-family: var( --e-global-typography-text-font-family ), Sans-serif; font-weight: var( --e-global-typography-text-font-weight );\">\u00a0programm\u00e9 les fonctionnalit\u00e9s\/modules suivants:<\/span><\/div><div style=\"font-size: 16px;\">\u00a0<\/div><ul style=\"font-size: 16px;\"><li>Cr\u00e9ation du module de suivi des \u00e9l\u00e8ves ;<\/li><li>Syst\u00e8me cumulatif des points dans le bulletin ;<\/li><li>Possibilit\u00e9 de pond\u00e9rer le TJ par semestre ;<\/li><li>Cr\u00e9ation du rapport de comp\u00e9tences ;<\/li><li>Possibilit\u00e9 de ne pas pond\u00e9rer les comp\u00e9tences entre elles dans le carnet de cotes ;<\/li><li>Possibilit\u00e9 de cr\u00e9er des \u00e9valuations de type \u00ab\u00a0formatif\u00a0\u00bb ;<\/li><li>Affichage du d\u00e9tail des \u00e9valuations dans les commentaires du bulletin, avec un commentaire sp\u00e9cifique \u00e0 la cl\u00e9 ;<\/li><li>R\u00e9organisation de la grille des cours dans le bulletin.<\/li><\/ul>\t\t\t\t\t<\/div>\n\t\t\t\t\t\t<\/div>\n\t\t\t\t<\/div>\n\t\t\t\t\t\t<\/div>\n\t\t\t\t\t<\/div>\n\t\t<\/div>\n\t\t\t\t\t\t\t\t<\/div>\n\t\t\t\t\t<\/div>\n\t\t<\/section>\n\t\t\t\t<section class=\"elementor-section elementor-top-section elementor-element elementor-element-899af06 elementor-section-boxed elementor-section-height-default elementor-section-height-default\" data-id=\"899af06\" data-element_type=\"section\">\n\t\t\t\t\t\t<div class=\"elementor-container elementor-column-gap-default\">\n\t\t\t\t\t\t\t<div class=\"elementor-row\">\n\t\t\t\t\t<div class=\"elementor-column elementor-col-66 elementor-top-column elementor-element elementor-element-9a88162\" data-id=\"9a88162\" data-element_type=\"column\">\n\t\t\t<div class=\"elementor-column-wrap elementor-element-populated\">\n\t\t\t\t\t\t\t<div class=\"elementor-widget-wrap\">\n\t\t\t\t\t\t<div class=\"elementor-element elementor-element-34fead5 elementor-widget elementor-widget-image\" data-id=\"34fead5\" data-element_type=\"widget\" data-widget_type=\"image.default\">\n\t\t\t\t<div class=\"elementor-widget-container\">\n\t\t\t\t\t\t\t\t<div class=\"elementor-image\">\n\t\t\t\t\t\t\t\t\t\t\t\t<img width=\"683\" height=\"500\" src=\"http:\/\/www.b-school.be\/wordpress\/wp-content\/uploads\/2022\/03\/temoignage5.jpg\" class=\"attachment-large size-large\" alt=\"\" loading=\"lazy\" srcset=\"http:\/\/www.b-school.be\/wordpress\/wp-content\/uploads\/2022\/03\/temoignage5.jpg 683w, http:\/\/www.b-school.be\/wordpress\/wp-content\/uploads\/2022\/03\/temoignage5-300x220.jpg 300w, http:\/\/www.b-school.be\/wordpress\/wp-content\/uploads\/2022\/03\/temoignage5-82x60.jpg 82w\" sizes=\"(max-width: 683px) 100vw, 683px\" \/>\t\t\t\t\t\t\t\t\t\t\t\t\t\t<\/div>\n\t\t\t\t\t\t<\/div>\n\t\t\t\t<\/div>\n\t\t\t\t\t\t<\/div>\n\t\t\t\t\t<\/div>\n\t\t<\/div>\n\t\t\t\t<div class=\"elementor-column elementor-col-33 elementor-top-column elementor-element elementor-element-020c6c2\" data-id=\"020c6c2\" data-element_type=\"column\">\n\t\t\t<div class=\"elementor-column-wrap elementor-element-populated\">\n\t\t\t\t\t\t\t<div class=\"elementor-widget-wrap\">\n\t\t\t\t\t\t<div class=\"elementor-element elementor-element-6090f37 elementor-widget elementor-widget-text-editor\" data-id=\"6090f37\" data-element_type=\"widget\" data-widget_type=\"text-editor.default\">\n\t\t\t\t<div class=\"elementor-widget-container\">\n\t\t\t\t\t\t\t\t<div class=\"elementor-text-editor elementor-clearfix\">\n\t\t\t\t<div style=\"font-size: 16px;\">\u00a0<\/div><div style=\"font-size: 16px;\">\u00a0<\/div><div style=\"font-size: 16px;\">\u00a0<\/div><div style=\"font-size: 16px;\">\u00a0<\/div><div style=\"font-size: 16px;\">\u00a0<\/div><div style=\"font-size: 16px;\">Pour cette \u00e9cole, nous avons\u00a0<u>notamment<\/u>\u00a0programm\u00e9 les fonctionnalit\u00e9s\/modules suivants:<\/div><ul style=\"font-size: 16px;\"><li>Possibilit\u00e9 de copier-coller l&rsquo;horaire de la semaine pr\u00e9c\u00e9dente ;<\/li><li>Blocage de l&rsquo;encodage dans le carnet d&rsquo;appr\u00e9ciation \u00e0 une date d\u00e9termin\u00e9e ;<\/li><li>Gestion du personnel de la classe par le titulaire ou le co-titulaire ;<\/li><li>Am\u00e9lioration de la navigation entre \u00e9l\u00e8ves dans les bulletins.<\/li><\/ul>\t\t\t\t\t<\/div>\n\t\t\t\t\t\t<\/div>\n\t\t\t\t<\/div>\n\t\t\t\t\t\t<\/div>\n\t\t\t\t\t<\/div>\n\t\t<\/div>\n\t\t\t\t\t\t\t\t<\/div>\n\t\t\t\t\t<\/div>\n\t\t<\/section>\n\t\t\t\t<section class=\"elementor-section elementor-top-section elementor-element elementor-element-aa4249d elementor-section-boxed elementor-section-height-default elementor-section-height-default\" data-id=\"aa4249d\" data-element_type=\"section\">\n\t\t\t\t\t\t<div class=\"elementor-container elementor-column-gap-default\">\n\t\t\t\t\t\t\t<div class=\"elementor-row\">\n\t\t\t\t\t<div class=\"elementor-column elementor-col-66 elementor-top-column elementor-element elementor-element-ed3e5e6\" data-id=\"ed3e5e6\" data-element_type=\"column\">\n\t\t\t<div class=\"elementor-column-wrap elementor-element-populated\">\n\t\t\t\t\t\t\t<div class=\"elementor-widget-wrap\">\n\t\t\t\t\t\t<div class=\"elementor-element elementor-element-cb4042e elementor-widget elementor-widget-image\" data-id=\"cb4042e\" data-element_type=\"widget\" data-widget_type=\"image.default\">\n\t\t\t\t<div class=\"elementor-widget-container\">\n\t\t\t\t\t\t\t\t<div class=\"elementor-image\">\n\t\t\t\t\t\t\t\t\t\t\t\t<img width=\"684\" height=\"501\" src=\"http:\/\/www.b-school.be\/wordpress\/wp-content\/uploads\/2022\/03\/temoignage6.jpg\" class=\"attachment-large size-large\" alt=\"\" loading=\"lazy\" srcset=\"http:\/\/www.b-school.be\/wordpress\/wp-content\/uploads\/2022\/03\/temoignage6.jpg 684w, http:\/\/www.b-school.be\/wordpress\/wp-content\/uploads\/2022\/03\/temoignage6-300x220.jpg 300w, http:\/\/www.b-school.be\/wordpress\/wp-content\/uploads\/2022\/03\/temoignage6-82x60.jpg 82w\" sizes=\"(max-width: 684px) 100vw, 684px\" \/>\t\t\t\t\t\t\t\t\t\t\t\t\t\t<\/div>\n\t\t\t\t\t\t<\/div>\n\t\t\t\t<\/div>\n\t\t\t\t\t\t<\/div>\n\t\t\t\t\t<\/div>\n\t\t<\/div>\n\t\t\t\t<div class=\"elementor-column elementor-col-33 elementor-top-column elementor-element elementor-element-512aca2\" data-id=\"512aca2\" data-element_type=\"column\">\n\t\t\t<div class=\"elementor-column-wrap elementor-element-populated\">\n\t\t\t\t\t\t\t<div class=\"elementor-widget-wrap\">\n\t\t\t\t\t\t<div class=\"elementor-element elementor-element-ac2afb0 elementor-widget elementor-widget-text-editor\" data-id=\"ac2afb0\" data-element_type=\"widget\" data-widget_type=\"text-editor.default\">\n\t\t\t\t<div class=\"elementor-widget-container\">\n\t\t\t\t\t\t\t\t<div class=\"elementor-text-editor elementor-clearfix\">\n\t\t\t\t<p><span style=\"font-size: 16px;\">C&rsquo;est gr\u00e2ce \u00e0 l&rsquo;Institut Sainte-Claire\u00a0que B-School a vu le jour, au d\u00e9part sous le nom de Claire &amp; Net.\u00a0<\/span><\/p><p><span style=\"font-size: 16px;\">La direction de l&rsquo;\u00e9cole n&rsquo;\u00e9tait pas satisfaite des programmes disponibles sur le march\u00e9. Le projet a \u00e9t\u00e9 lanc\u00e9 de cr\u00e9er de toute pi\u00e8ce, une plateforme adapt\u00e9e \u00e0 la r\u00e9alit\u00e9 de terrain de l&rsquo;\u00e9cole. Le bulletin informatis\u00e9, la prise des pr\u00e9sences et les valves \u00e9lectroniques ont \u00e9t\u00e9 les trois premiers modules cr\u00e9\u00e9s.\u00a0<\/span><\/p><p><span style=\"font-size: 16px;\">Le succ\u00e8s de Claire &amp; Net aupr\u00e8s des enseignants nous a donn\u00e9 l&rsquo;id\u00e9e d&rsquo;adapter et de commercialiser la plateforme sous le nom de B-School aupr\u00e8s d&rsquo;autres \u00e9tablissements scolaires. C&rsquo;est ainsi que 5 nouvelles \u00e9coles nous ont rejoint en septembre 2016. D&rsquo;autres \u00e9coles sont d\u00e9j\u00e0 enthousiastes \u00e0 l&rsquo;id\u00e9e d&rsquo;utiliser B-School d\u00e8s septembre 2017.<\/span><\/p>\t\t\t\t\t<\/div>\n\t\t\t\t\t\t<\/div>\n\t\t\t\t<\/div>\n\t\t\t\t\t\t<\/div>\n\t\t\t\t\t<\/div>\n\t\t<\/div>\n\t\t\t\t\t\t\t\t<\/div>\n\t\t\t\t\t<\/div>\n\t\t<\/section>\n\t\t\t\t\t\t<\/div>\n\t\t\t\t\t\t<\/div>\n\t\t\t\t\t<\/div>\n\t\t","protected":false},"excerpt":{"rendered":"<p>Pour cette \u00e9cole, nous avons&nbsp;notamment&nbsp;d\u00e9velopp\u00e9 les fonctionnalit\u00e9s\/modules suivants : &nbsp; Diff\u00e9rentes pages et fonctionnalit\u00e9s permettant \u00e0 B-School de devenir ind\u00e9pendant en terme de prise des &hellip; <\/p>\n","protected":false},"author":1,"featured_media":0,"parent":0,"menu_order":0,"comment_status":"closed","ping_status":"closed","template":"","meta":[],"_links":{"self":[{"href":"http:\/\/www.b-school.be\/wordpress\/wp-json\/wp\/v2\/pages\/472"}],"collection":[{"href":"http:\/\/www.b-school.be\/wordpress\/wp-json\/wp\/v2\/pages"}],"about":[{"href":"http:\/\/www.b-school.be\/wordpress\/wp-json\/wp\/v2\/types\/page"}],"author":[{"embeddable":true,"href":"http:\/\/www.b-school.be\/wordpress\/wp-json\/wp\/v2\/users\/1"}],"replies":[{"embeddable":true,"href":"http:\/\/www.b-school.be\/wordpress\/wp-json\/wp\/v2\/comments?post=472"}],"version-history":[{"count":118,"href":"http:\/\/www.b-school.be\/wordpress\/wp-json\/wp\/v2\/pages\/472\/revisions"}],"predecessor-version":[{"id":1897,"href":"http:\/\/www.b-school.be\/wordpress\/wp-json\/wp\/v2\/pages\/472\/revisions\/1897"}],"wp:attachment":[{"href":"http:\/\/www.b-school.be\/wordpress\/wp-json\/wp\/v2\/media?parent=472"}],"curies":[{"name":"wp","href":"https:\/\/api.w.org\/{rel}","templated":true}]}}