{"id":6,"date":"2015-10-14T14:32:58","date_gmt":"2015-10-14T13:32:58","guid":{"rendered":"http:\/\/www.b-gestion.be\/wordpress\/?page_id=6"},"modified":"2023-06-21T13:01:10","modified_gmt":"2023-06-21T12:01:10","slug":"concept","status":"publish","type":"page","link":"http:\/\/www.b-school.be\/wordpress\/concept\/","title":{"rendered":"Concept"},"content":{"rendered":"\t\t<div data-elementor-type=\"wp-page\" data-elementor-id=\"6\" class=\"elementor elementor-6\" data-elementor-settings=\"[]\">\n\t\t\t\t\t\t<div class=\"elementor-inner\">\n\t\t\t\t\t\t\t<div class=\"elementor-section-wrap\">\n\t\t\t\t\t\t\t<section class=\"elementor-section elementor-top-section elementor-element elementor-element-459c80e elementor-section-boxed elementor-section-height-default elementor-section-height-default\" data-id=\"459c80e\" data-element_type=\"section\">\n\t\t\t\t\t\t<div class=\"elementor-container elementor-column-gap-default\">\n\t\t\t\t\t\t\t<div class=\"elementor-row\">\n\t\t\t\t\t<div class=\"elementor-column elementor-col-100 elementor-top-column elementor-element elementor-element-5ecb483\" data-id=\"5ecb483\" data-element_type=\"column\">\n\t\t\t<div class=\"elementor-column-wrap elementor-element-populated\">\n\t\t\t\t\t\t\t<div class=\"elementor-widget-wrap\">\n\t\t\t\t\t\t<div class=\"elementor-element elementor-element-fa2e7bc elementor-widget elementor-widget-text-editor\" data-id=\"fa2e7bc\" data-element_type=\"widget\" data-widget_type=\"text-editor.default\">\n\t\t\t\t<div class=\"elementor-widget-container\">\n\t\t\t\t\t\t\t\t<div class=\"elementor-text-editor elementor-clearfix\">\n\t\t\t\t<h1><span style=\"font-size: 20px; color: #eb6038;\"><span style=\"font-weight: bolder;\">B-School, c&rsquo;est quoi ?<\/span><\/span><\/h1>\n<p><span style=\"color: rgb(82, 112, 127); font-size: 14px; font-weight: 700; font-family: var( --e-global-typography-text-font-family ), Sans-serif;\">B-School<\/span><span style=\"font-size: 14px;\">&nbsp;est une plateforme num\u00e9rique de gestion de la vie quotidienne d&rsquo;un \u00e9tablissement scolaire. Ses diff\u00e9rents modules sont compl\u00e9mentaires avec les logiciels de gestion administrative (<\/span><span style=\"font-size: 14px; color: #52707f;\"><span style=\"font-weight: bolder;\">proeco \/ siel<\/span><\/span><span style=\"font-size: 14px;\">) et les \u00ab\u00a0locomotives\u00a0\u00bb&nbsp;<\/span><span style=\"font-size: 14px; color: #52707f;\"><span style=\"font-weight: bolder;\">G-Suite,<\/span>&nbsp;<span style=\"font-weight: bolder;\">Microsoft 365, Itslearning<\/span><\/span><span style=\"font-size: 14px;\">&nbsp;ou&nbsp;<\/span><span style=\"font-size: 14px; color: #52707f;\"><span style=\"font-weight: bolder;\">Moodle.<\/span><\/span><\/p>\t\t\t\t\t<\/div>\n\t\t\t\t\t\t<\/div>\n\t\t\t\t<\/div>\n\t\t\t\t\t\t<\/div>\n\t\t\t\t\t<\/div>\n\t\t<\/div>\n\t\t\t\t\t\t\t\t<\/div>\n\t\t\t\t\t<\/div>\n\t\t<\/section>\n\t\t\t\t<section class=\"elementor-section elementor-top-section elementor-element elementor-element-3a2ccf3 elementor-section-boxed elementor-section-height-default elementor-section-height-default\" data-id=\"3a2ccf3\" data-element_type=\"section\">\n\t\t\t\t\t\t<div class=\"elementor-container elementor-column-gap-default\">\n\t\t\t\t\t\t\t<div class=\"elementor-row\">\n\t\t\t\t\t<div class=\"elementor-column elementor-col-100 elementor-top-column elementor-element elementor-element-4ad9211\" data-id=\"4ad9211\" data-element_type=\"column\">\n\t\t\t<div class=\"elementor-column-wrap elementor-element-populated\">\n\t\t\t\t\t\t\t<div class=\"elementor-widget-wrap\">\n\t\t\t\t\t\t<div class=\"elementor-element elementor-element-fca2b91 elementor-widget elementor-widget-image\" data-id=\"fca2b91\" data-element_type=\"widget\" data-widget_type=\"image.default\">\n\t\t\t\t<div class=\"elementor-widget-container\">\n\t\t\t\t\t\t\t\t<div class=\"elementor-image\">\n\t\t\t\t\t\t\t\t\t\t\t\t<img width=\"638\" height=\"306\" src=\"http:\/\/www.b-school.be\/wordpress\/wp-content\/uploads\/2022\/03\/schema-2.jpg\" class=\"attachment-2048x2048 size-2048x2048\" alt=\"\" loading=\"lazy\" srcset=\"http:\/\/www.b-school.be\/wordpress\/wp-content\/uploads\/2022\/03\/schema-2.jpg 638w, http:\/\/www.b-school.be\/wordpress\/wp-content\/uploads\/2022\/03\/schema-2-300x144.jpg 300w, http:\/\/www.b-school.be\/wordpress\/wp-content\/uploads\/2022\/03\/schema-2-125x60.jpg 125w\" sizes=\"(max-width: 638px) 100vw, 638px\" \/>\t\t\t\t\t\t\t\t\t\t\t\t\t\t<\/div>\n\t\t\t\t\t\t<\/div>\n\t\t\t\t<\/div>\n\t\t\t\t\t\t<\/div>\n\t\t\t\t\t<\/div>\n\t\t<\/div>\n\t\t\t\t\t\t\t\t<\/div>\n\t\t\t\t\t<\/div>\n\t\t<\/section>\n\t\t\t\t<section class=\"elementor-section elementor-top-section elementor-element elementor-element-4246c34 elementor-section-boxed elementor-section-height-default elementor-section-height-default\" data-id=\"4246c34\" data-element_type=\"section\">\n\t\t\t\t\t\t<div class=\"elementor-container elementor-column-gap-default\">\n\t\t\t\t\t\t\t<div class=\"elementor-row\">\n\t\t\t\t\t<div class=\"elementor-column elementor-col-100 elementor-top-column elementor-element elementor-element-3467df4\" data-id=\"3467df4\" data-element_type=\"column\">\n\t\t\t<div class=\"elementor-column-wrap elementor-element-populated\">\n\t\t\t\t\t\t\t<div class=\"elementor-widget-wrap\">\n\t\t\t\t\t\t<div class=\"elementor-element elementor-element-4563466 elementor-widget elementor-widget-text-editor\" data-id=\"4563466\" data-element_type=\"widget\" data-widget_type=\"text-editor.default\">\n\t\t\t\t<div class=\"elementor-widget-container\">\n\t\t\t\t\t\t\t\t<div class=\"elementor-text-editor elementor-clearfix\">\n\t\t\t\t<h1><span style=\"font-size: 20px; color: #eb6038;\"><span style=\"font-weight: bolder;\">Tourn\u00e9s vers l&rsquo;avenir !<\/span><\/span><\/h1><p style=\"font-size: 14px;\">Le futur num\u00e9rique dans les \u00e9coles se dessine. Les logiciels administratifs tels que<span style=\"color: #52707f;\">\u00a0<span style=\"font-weight: bolder;\">PRO-ECO<\/span><\/span>\u00a0ou<span style=\"color: #52707f;\">\u00a0<span style=\"font-weight: bolder;\">SIEL<\/span><\/span>\u00a0vont se moderniser et poursuivre leurs adaptations face \u00e0 la l\u00e9gislation qui ne cesse d&rsquo;\u00e9voluer. \u00c0 c\u00f4t\u00e9, se d\u00e9veloppent de puissants outils p\u00e9dagogiques avec<span style=\"color: #52707f;\">\u00a0<a style=\"color: #52707f;\" href=\"https:\/\/edu.google.com\/intl\/fr_be\/products\/productivity-tools\/\" target=\"_blank\" rel=\"noopener noreferrer\"><span style=\"font-weight: bolder;\">G-Suite de Google<\/span><\/a><\/span>\u00a0ou\u00a0<span style=\"color: #52707f;\"><a style=\"color: #52707f;\" href=\"https:\/\/www.microsoft.com\/fr-be\/education\/products\/office\/default.aspx\" target=\"_blank\" rel=\"noopener noreferrer\"><span style=\"font-weight: bolder;\">Microsoft 365<\/span><\/a><\/span>. Ces g\u00e9ants de l&rsquo;informatique,\u00a0<u>gratuits<\/u>, sont de loin les plus performants en mati\u00e8re de stockage et de gestion de documents, partage d&rsquo;information et, de plus en plus, en mati\u00e8re de solutions \u00e0 proposer au monde de l&rsquo;\u00e9ducation (cours en ligne, exercices avec auto-correction, travaux collaboratifs&#8230;).\u00a0Pour plus d&rsquo;informations sur ces plateformes num\u00e9riques \u00e0 orientation p\u00e9dagogique, nous vous invitons \u00e0 consulter\u00a0<a style=\"background-color: #ffffff;\" href=\"https:\/\/docs.google.com\/document\/d\/1hlqedimTxp2D9sfcjXg9ToWKxTRjXoC1MZ0RBznXqNo\/edit\" target=\"_blank\" rel=\"noopener noreferrer\">cette page<\/a>.<\/p>\t\t\t\t\t<\/div>\n\t\t\t\t\t\t<\/div>\n\t\t\t\t<\/div>\n\t\t\t\t\t\t<\/div>\n\t\t\t\t\t<\/div>\n\t\t<\/div>\n\t\t\t\t\t\t\t\t<\/div>\n\t\t\t\t\t<\/div>\n\t\t<\/section>\n\t\t\t\t<section class=\"elementor-section elementor-top-section elementor-element elementor-element-3e96e49 elementor-section-boxed elementor-section-height-default elementor-section-height-default\" data-id=\"3e96e49\" data-element_type=\"section\">\n\t\t\t\t\t\t<div class=\"elementor-container elementor-column-gap-default\">\n\t\t\t\t\t\t\t<div class=\"elementor-row\">\n\t\t\t\t\t<div class=\"elementor-column elementor-col-50 elementor-top-column elementor-element elementor-element-03c5a4f\" data-id=\"03c5a4f\" data-element_type=\"column\">\n\t\t\t<div class=\"elementor-column-wrap elementor-element-populated\">\n\t\t\t\t\t\t\t<div class=\"elementor-widget-wrap\">\n\t\t\t\t\t\t<div class=\"elementor-element elementor-element-7267939 elementor-invisible elementor-widget elementor-widget-image\" data-id=\"7267939\" data-element_type=\"widget\" data-settings=\"{&quot;_animation&quot;:&quot;fadeInLeft&quot;}\" data-widget_type=\"image.default\">\n\t\t\t\t<div class=\"elementor-widget-container\">\n\t\t\t\t\t\t\t\t<div class=\"elementor-image\">\n\t\t\t\t\t\t\t\t\t\t\t\t<img width=\"300\" height=\"241\" src=\"http:\/\/www.b-school.be\/wordpress\/wp-content\/uploads\/2022\/03\/pc1-300x241.jpg\" class=\"attachment-medium size-medium\" alt=\"\" loading=\"lazy\" srcset=\"http:\/\/www.b-school.be\/wordpress\/wp-content\/uploads\/2022\/03\/pc1-300x241.jpg 300w, http:\/\/www.b-school.be\/wordpress\/wp-content\/uploads\/2022\/03\/pc1-768x616.jpg 768w, http:\/\/www.b-school.be\/wordpress\/wp-content\/uploads\/2022\/03\/pc1-75x60.jpg 75w, http:\/\/www.b-school.be\/wordpress\/wp-content\/uploads\/2022\/03\/pc1.jpg 797w\" sizes=\"(max-width: 300px) 100vw, 300px\" \/>\t\t\t\t\t\t\t\t\t\t\t\t\t\t<\/div>\n\t\t\t\t\t\t<\/div>\n\t\t\t\t<\/div>\n\t\t\t\t\t\t<\/div>\n\t\t\t\t\t<\/div>\n\t\t<\/div>\n\t\t\t\t<div class=\"elementor-column elementor-col-50 elementor-top-column elementor-element elementor-element-bab4a50\" data-id=\"bab4a50\" data-element_type=\"column\">\n\t\t\t<div class=\"elementor-column-wrap elementor-element-populated\">\n\t\t\t\t\t\t\t<div class=\"elementor-widget-wrap\">\n\t\t\t\t\t\t<div class=\"elementor-element elementor-element-7e738bd elementor-widget elementor-widget-text-editor\" data-id=\"7e738bd\" data-element_type=\"widget\" data-widget_type=\"text-editor.default\">\n\t\t\t\t<div class=\"elementor-widget-container\">\n\t\t\t\t\t\t\t\t<div class=\"elementor-text-editor elementor-clearfix\">\n\t\t\t\t<h1><span style=\"font-size: 20px; color: #eb6038;\"><span style=\"font-weight: bolder;\">Adapt\u00e9s \u00e0 la r\u00e9alit\u00e9 de terrain des \u00e9coles francophones en Belgique !<\/span><\/span><\/h1><p style=\"font-size: 14px;\">Toutefois, pour ce qui concerne la gestion de la vie quotidienne des \u00e9coles sur notre territoire, il est important de coller \u00e0 la r\u00e9alit\u00e9 de terrain des \u00e9tablissements. Seuls des programmes de proximit\u00e9 peuvent proposer ce type de formule. C&rsquo;est ce que s&rsquo;attache \u00e0 d\u00e9velopper\u00a0<span style=\"color: #52707f;\"><span style=\"font-weight: bolder;\">B-School<\/span>\u00a0<\/span>avec une multitude d&rsquo;outils (<a style=\"background-color: #ffffff;\" href=\"http:\/\/www.b-school.be\/wordpress\/nos-modules\/\" target=\"_blank\" rel=\"noopener noreferrer\">\u00e0 d\u00e9couvrir ici<\/a>) notamment en mati\u00e8re d&rsquo;\u00e9valuations (carnet de cotes, bulletins, rapport de comp\u00e9tences, SIPS, UAA, CPU, PIA&#8230;), de gestion des pr\u00e9sences, de gestion des locaux&#8230;<\/p>\t\t\t\t\t<\/div>\n\t\t\t\t\t\t<\/div>\n\t\t\t\t<\/div>\n\t\t\t\t\t\t<\/div>\n\t\t\t\t\t<\/div>\n\t\t<\/div>\n\t\t\t\t\t\t\t\t<\/div>\n\t\t\t\t\t<\/div>\n\t\t<\/section>\n\t\t\t\t<section class=\"elementor-section elementor-top-section elementor-element elementor-element-206f1b7 elementor-section-boxed elementor-section-height-default elementor-section-height-default\" data-id=\"206f1b7\" data-element_type=\"section\">\n\t\t\t\t\t\t<div class=\"elementor-container elementor-column-gap-default\">\n\t\t\t\t\t\t\t<div class=\"elementor-row\">\n\t\t\t\t\t<div class=\"elementor-column elementor-col-50 elementor-top-column elementor-element elementor-element-1b87ec1\" data-id=\"1b87ec1\" data-element_type=\"column\">\n\t\t\t<div class=\"elementor-column-wrap elementor-element-populated\">\n\t\t\t\t\t\t\t<div class=\"elementor-widget-wrap\">\n\t\t\t\t\t\t<div class=\"elementor-element elementor-element-9f62932 elementor-widget elementor-widget-text-editor\" data-id=\"9f62932\" data-element_type=\"widget\" data-widget_type=\"text-editor.default\">\n\t\t\t\t<div class=\"elementor-widget-container\">\n\t\t\t\t\t\t\t\t<div class=\"elementor-text-editor elementor-clearfix\">\n\t\t\t\t<h1><span style=\"font-weight: bolder; color: #eb6038; font-size: 20px;\">Concr\u00e8tement :<\/span><\/h1>\n<p style=\"font-size: 14px;\">Nous proposons une plateforme install\u00e9e sur notre serveur s\u00e9curis\u00e9 (serveur virtuel chez OVH via ESI Informatique).<span style=\"color: var( --e-global-color-text ); font-family: var( --e-global-typography-text-font-family ), Sans-serif; font-weight: var( --e-global-typography-text-font-weight );\">&nbsp;<\/span><\/p><p style=\"font-size: 14px;\"><span style=\"color: var( --e-global-color-text ); font-family: var( --e-global-typography-text-font-family ), Sans-serif; font-weight: var( --e-global-typography-text-font-weight );\">Cette plateforme est accessible depuis n\u2019importe quel&nbsp;<\/span><span style=\"font-family: var( --e-global-typography-text-font-family ), Sans-serif; font-weight: var( --e-global-typography-text-font-weight ); color: rgb(82, 112, 127);\"><span style=\"font-weight: bolder;\">ordinateur\/tablette\/smartphone<\/span><\/span><span style=\"color: var( --e-global-color-text ); font-family: var( --e-global-typography-text-font-family ), Sans-serif; font-weight: var( --e-global-typography-text-font-weight );\">&nbsp;qui dispose d\u2019une connexion Internet, moyennant un nom d\u2019utilisateur (Email) et un mot de passe.<\/span><br><\/p>\n<p style=\"font-size: 14px;\">Nous nous occupons de la s\u00e9curisation du&nbsp;<span style=\"color: #52707f;\"><span style=\"font-weight: bolder;\">serveur<\/span><\/span>&nbsp;et de la sauvegarde des donn\u00e9es. Il n\u2019y a donc pas de frais suppl\u00e9mentaires de location dans votre chef, et pas de tracas de perte potentielle de vos donn\u00e9es.<\/p>\n<p style=\"font-size: 14px;\">Notre objectif est&nbsp;de cr\u00e9er<span style=\"color: #52707f;\">&nbsp;<span style=\"font-weight: bolder;\">des outils sur mesure<\/span><\/span>, en fonction des besoins de votre \u00e9tablissement. Si certains modules doivent \u00eatre adapt\u00e9s pour coller aux pratiques en oeuvre dans votre \u00e9cole, nous pouvons op\u00e9rer les&nbsp;<span style=\"color: #52707f;\"><span style=\"font-weight: bolder;\">changements n\u00e9cessaires gratuitement<\/span><\/span>, si ceux-ci sont susceptibles de b\u00e9n\u00e9ficier \u00e9galement \u00e0 d\u2019autres \u00e9coles.<\/p>\n<p style=\"font-size: 14px;\"><span style=\"color: #52707f; font-weight: bold; text-align: justify;\">B-School<\/span>&nbsp;est con\u00e7u pour \u00eatre utilis\u00e9 de la mani\u00e8re la plus<span style=\"color: #52707f;\">&nbsp;<span style=\"font-weight: bolder;\">intuitive<\/span><\/span>&nbsp;possible. Le manuel de l&rsquo;utilisateur (et admin) est fourni et mis \u00e0 jour chaque ann\u00e9e en ligne et en version PDF.<\/p>\n<p style=\"font-size: 14px;\">+ Des boutons d&rsquo;<span style=\"color: #52707f;\"><span style=\"font-weight: bolder;\">aide<\/span><\/span>&nbsp;sont disponibles sur toutes les pages pour aiguiller chaque utilisateur si n\u00e9cessaire.<\/p>\t\t\t\t\t<\/div>\n\t\t\t\t\t\t<\/div>\n\t\t\t\t<\/div>\n\t\t\t\t\t\t<\/div>\n\t\t\t\t\t<\/div>\n\t\t<\/div>\n\t\t\t\t<div class=\"elementor-column elementor-col-50 elementor-top-column elementor-element elementor-element-f47b519\" data-id=\"f47b519\" data-element_type=\"column\">\n\t\t\t<div class=\"elementor-column-wrap elementor-element-populated\">\n\t\t\t\t\t\t\t<div class=\"elementor-widget-wrap\">\n\t\t\t\t\t\t<div class=\"elementor-element elementor-element-2bb025c elementor-invisible elementor-widget elementor-widget-image\" data-id=\"2bb025c\" data-element_type=\"widget\" data-settings=\"{&quot;_animation&quot;:&quot;fadeInRight&quot;}\" data-widget_type=\"image.default\">\n\t\t\t\t<div class=\"elementor-widget-container\">\n\t\t\t\t\t\t\t\t<div class=\"elementor-image\">\n\t\t\t\t\t\t\t\t\t\t\t\t<img width=\"300\" height=\"241\" src=\"http:\/\/www.b-school.be\/wordpress\/wp-content\/uploads\/2022\/03\/pc2-300x241.jpg\" class=\"attachment-medium size-medium\" alt=\"\" loading=\"lazy\" srcset=\"http:\/\/www.b-school.be\/wordpress\/wp-content\/uploads\/2022\/03\/pc2-300x241.jpg 300w, http:\/\/www.b-school.be\/wordpress\/wp-content\/uploads\/2022\/03\/pc2-768x616.jpg 768w, http:\/\/www.b-school.be\/wordpress\/wp-content\/uploads\/2022\/03\/pc2-75x60.jpg 75w, http:\/\/www.b-school.be\/wordpress\/wp-content\/uploads\/2022\/03\/pc2.jpg 797w\" sizes=\"(max-width: 300px) 100vw, 300px\" \/>\t\t\t\t\t\t\t\t\t\t\t\t\t\t<\/div>\n\t\t\t\t\t\t<\/div>\n\t\t\t\t<\/div>\n\t\t\t\t<div class=\"elementor-element elementor-element-77f1fa3 elementor-invisible elementor-widget elementor-widget-image\" data-id=\"77f1fa3\" data-element_type=\"widget\" data-settings=\"{&quot;_animation&quot;:&quot;fadeInRight&quot;}\" data-widget_type=\"image.default\">\n\t\t\t\t<div class=\"elementor-widget-container\">\n\t\t\t\t\t\t\t\t<div class=\"elementor-image\">\n\t\t\t\t\t\t\t\t\t\t\t\t<img width=\"300\" height=\"241\" src=\"http:\/\/www.b-school.be\/wordpress\/wp-content\/uploads\/2022\/03\/pc3-300x241.jpg\" class=\"attachment-medium size-medium\" alt=\"\" loading=\"lazy\" srcset=\"http:\/\/www.b-school.be\/wordpress\/wp-content\/uploads\/2022\/03\/pc3-300x241.jpg 300w, http:\/\/www.b-school.be\/wordpress\/wp-content\/uploads\/2022\/03\/pc3-768x616.jpg 768w, http:\/\/www.b-school.be\/wordpress\/wp-content\/uploads\/2022\/03\/pc3-75x60.jpg 75w, http:\/\/www.b-school.be\/wordpress\/wp-content\/uploads\/2022\/03\/pc3.jpg 797w\" sizes=\"(max-width: 300px) 100vw, 300px\" \/>\t\t\t\t\t\t\t\t\t\t\t\t\t\t<\/div>\n\t\t\t\t\t\t<\/div>\n\t\t\t\t<\/div>\n\t\t\t\t\t\t<\/div>\n\t\t\t\t\t<\/div>\n\t\t<\/div>\n\t\t\t\t\t\t\t\t<\/div>\n\t\t\t\t\t<\/div>\n\t\t<\/section>\n\t\t\t\t<section class=\"elementor-section elementor-top-section elementor-element elementor-element-76591c12 elementor-section-boxed elementor-section-height-default elementor-section-height-default\" data-id=\"76591c12\" data-element_type=\"section\">\n\t\t\t\t\t\t<div class=\"elementor-container elementor-column-gap-default\">\n\t\t\t\t\t\t\t<div class=\"elementor-row\">\n\t\t\t\t\t<div class=\"elementor-column elementor-col-100 elementor-top-column elementor-element elementor-element-6f9446c0\" data-id=\"6f9446c0\" data-element_type=\"column\">\n\t\t\t<div class=\"elementor-column-wrap elementor-element-populated\">\n\t\t\t\t\t\t\t<div class=\"elementor-widget-wrap\">\n\t\t\t\t\t\t<div class=\"elementor-element elementor-element-316f98dc elementor-widget elementor-widget-text-editor\" data-id=\"316f98dc\" data-element_type=\"widget\" data-widget_type=\"text-editor.default\">\n\t\t\t\t<div class=\"elementor-widget-container\">\n\t\t\t\t\t\t\t\t<div class=\"elementor-text-editor elementor-clearfix\">\n\t\t\t\t<h1><span style=\"font-weight: bolder; color: rgb(235, 96, 56); font-size: 20px;\">Conclusion :<\/span><br><\/h1>\n<p><span style=\"color: rgb(82, 112, 127); font-weight: 700; text-align: justify;\">B-School<\/span>&nbsp;est aujourd&rsquo;hui <span style=\"color: #52707f;\"><strong>LA solution<\/strong><\/span>, en communaut\u00e9 fran\u00e7aise, tout r\u00e9seau confondu, \u00e9tant donn\u00e9 la n\u00e9cessit\u00e9 de s&rsquo;adapter aux pratiques en vigueur dans nos \u00e9coles francophones et la n\u00e9cessit\u00e9 d&rsquo;une navigation simple, d&rsquo;un <strong><span style=\"color: #3366ff;\"><span style=\"color: #52707f;\">service \u00ab\u00a0apr\u00e8s-vente\u00a0\u00bb<\/span><\/span><\/strong>&nbsp;efficace (voir les <span style=\"color: #52707f;\"><strong>avis des \u00e9coles<\/strong><\/span> qui utilisent d\u00e9j\u00e0 B-School <a href=\"http:\/\/www.b-school.be\/wordpress\/les-ecoles-en-parlent\/\" target=\"_blank\" rel=\"noopener noreferrer\">ICI<\/a>).<\/p>\n<p><span style=\"color: #52707f;\"><strong>\u00c0 chacun sa sp\u00e9cialit\u00e9<\/strong><\/span> : optez pour&nbsp;<span style=\"color: rgb(82, 112, 127); font-weight: 700; text-align: justify;\">B-School<\/span>&nbsp;en compl\u00e9ment de votre logiciel administratif et de votre plateforme p\u00e9dagogique gratuite.<\/p>\n<p>N&rsquo;h\u00e9sitez pas \u00e0 nous contacter pour une <span style=\"color: #52707f;\"><strong>demande d&rsquo;information<\/strong><\/span> ou un <span style=\"color: #52707f;\"><strong>testing gratuit<\/strong> <\/span>de quelques mois sans engagement.<\/p>\t\t\t\t\t<\/div>\n\t\t\t\t\t\t<\/div>\n\t\t\t\t<\/div>\n\t\t\t\t\t\t<\/div>\n\t\t\t\t\t<\/div>\n\t\t<\/div>\n\t\t\t\t\t\t\t\t<\/div>\n\t\t\t\t\t<\/div>\n\t\t<\/section>\n\t\t\t\t<section class=\"elementor-section elementor-top-section elementor-element elementor-element-a0068c2 elementor-section-boxed elementor-section-height-default elementor-section-height-default\" data-id=\"a0068c2\" data-element_type=\"section\">\n\t\t\t\t\t\t<div class=\"elementor-container elementor-column-gap-default\">\n\t\t\t\t\t\t\t<div class=\"elementor-row\">\n\t\t\t\t\t<div class=\"elementor-column elementor-col-50 elementor-top-column elementor-element elementor-element-c45f494\" data-id=\"c45f494\" data-element_type=\"column\">\n\t\t\t<div class=\"elementor-column-wrap elementor-element-populated\">\n\t\t\t\t\t\t\t<div class=\"elementor-widget-wrap\">\n\t\t\t\t\t\t<div class=\"elementor-element elementor-element-568d0bf elementor-invisible elementor-widget elementor-widget-image\" data-id=\"568d0bf\" data-element_type=\"widget\" data-settings=\"{&quot;_animation&quot;:&quot;fadeInLeft&quot;}\" data-widget_type=\"image.default\">\n\t\t\t\t<div class=\"elementor-widget-container\">\n\t\t\t\t\t\t\t\t<div class=\"elementor-image\">\n\t\t\t\t\t\t\t\t\t\t\t\t\t<a href=\"http:\/\/www.b-school.be\/wordpress\/wp-content\/uploads\/2023\/06\/depliant2023-web.pdf\" target=\"_blank\">\n\t\t\t\t\t\t\t<img width=\"298\" height=\"298\" src=\"http:\/\/www.b-school.be\/wordpress\/wp-content\/uploads\/2022\/03\/Telecharger.jpg\" class=\"attachment-large size-large\" alt=\"\" loading=\"lazy\" srcset=\"http:\/\/www.b-school.be\/wordpress\/wp-content\/uploads\/2022\/03\/Telecharger.jpg 298w, http:\/\/www.b-school.be\/wordpress\/wp-content\/uploads\/2022\/03\/Telecharger-150x150.jpg 150w, http:\/\/www.b-school.be\/wordpress\/wp-content\/uploads\/2022\/03\/Telecharger-60x60.jpg 60w\" sizes=\"(max-width: 298px) 100vw, 298px\" \/>\t\t\t\t\t\t\t\t<\/a>\n\t\t\t\t\t\t\t\t\t\t\t\t\t\t<\/div>\n\t\t\t\t\t\t<\/div>\n\t\t\t\t<\/div>\n\t\t\t\t\t\t<\/div>\n\t\t\t\t\t<\/div>\n\t\t<\/div>\n\t\t\t\t<div class=\"elementor-column elementor-col-50 elementor-top-column elementor-element elementor-element-a0f4838\" data-id=\"a0f4838\" data-element_type=\"column\">\n\t\t\t<div class=\"elementor-column-wrap elementor-element-populated\">\n\t\t\t\t\t\t\t<div class=\"elementor-widget-wrap\">\n\t\t\t\t\t\t<div class=\"elementor-element elementor-element-a101c98 elementor-aspect-ratio-169 elementor-invisible elementor-widget elementor-widget-video\" data-id=\"a101c98\" data-element_type=\"widget\" data-settings=\"{&quot;video_type&quot;:&quot;vimeo&quot;,&quot;_animation&quot;:&quot;fadeInRight&quot;,&quot;aspect_ratio&quot;:&quot;169&quot;}\" data-widget_type=\"video.default\">\n\t\t\t\t<div class=\"elementor-widget-container\">\n\t\t\t\t\t<div class=\"elementor-wrapper elementor-fit-aspect-ratio elementor-open-inline\">\n\t\t\t<iframe class=\"elementor-video-iframe\" allowfullscreen title=\"Lecteur vid\u00e9o vimeo\" src=\"https:\/\/player.vimeo.com\/video\/649756494?color&amp;autopause=0&amp;loop=0&amp;muted=0&amp;title=1&amp;portrait=1&amp;byline=1#t=\"><\/iframe>\t\t<\/div>\n\t\t\t\t<\/div>\n\t\t\t\t<\/div>\n\t\t\t\t\t\t<\/div>\n\t\t\t\t\t<\/div>\n\t\t<\/div>\n\t\t\t\t\t\t\t\t<\/div>\n\t\t\t\t\t<\/div>\n\t\t<\/section>\n\t\t\t\t\t\t<\/div>\n\t\t\t\t\t\t<\/div>\n\t\t\t\t\t<\/div>\n\t\t","protected":false},"excerpt":{"rendered":"<p>B-School, c&rsquo;est quoi ? B-School&nbsp;est une plateforme num\u00e9rique de gestion de la vie quotidienne d&rsquo;un \u00e9tablissement scolaire. Ses diff\u00e9rents modules sont compl\u00e9mentaires avec les logiciels &hellip; <\/p>\n","protected":false},"author":1,"featured_media":0,"parent":0,"menu_order":0,"comment_status":"closed","ping_status":"closed","template":"","meta":[],"_links":{"self":[{"href":"http:\/\/www.b-school.be\/wordpress\/wp-json\/wp\/v2\/pages\/6"}],"collection":[{"href":"http:\/\/www.b-school.be\/wordpress\/wp-json\/wp\/v2\/pages"}],"about":[{"href":"http:\/\/www.b-school.be\/wordpress\/wp-json\/wp\/v2\/types\/page"}],"author":[{"embeddable":true,"href":"http:\/\/www.b-school.be\/wordpress\/wp-json\/wp\/v2\/users\/1"}],"replies":[{"embeddable":true,"href":"http:\/\/www.b-school.be\/wordpress\/wp-json\/wp\/v2\/comments?post=6"}],"version-history":[{"count":148,"href":"http:\/\/www.b-school.be\/wordpress\/wp-json\/wp\/v2\/pages\/6\/revisions"}],"predecessor-version":[{"id":2240,"href":"http:\/\/www.b-school.be\/wordpress\/wp-json\/wp\/v2\/pages\/6\/revisions\/2240"}],"wp:attachment":[{"href":"http:\/\/www.b-school.be\/wordpress\/wp-json\/wp\/v2\/media?parent=6"}],"curies":[{"name":"wp","href":"https:\/\/api.w.org\/{rel}","templated":true}]}}