{"id":64,"date":"2015-10-15T13:08:00","date_gmt":"2015-10-15T12:08:00","guid":{"rendered":"http:\/\/www.b-school.be\/wordpress\/?page_id=64"},"modified":"2021-09-17T15:14:51","modified_gmt":"2021-09-17T14:14:51","slug":"prise-des-presences","status":"publish","type":"page","link":"http:\/\/www.b-school.be\/wordpress\/prise-des-presences\/","title":{"rendered":"Prise des pr\u00e9sences"},"content":{"rendered":"\t\t<div data-elementor-type=\"wp-page\" data-elementor-id=\"64\" class=\"elementor elementor-64\" data-elementor-settings=\"[]\">\n\t\t\t\t\t\t<div class=\"elementor-inner\">\n\t\t\t\t\t\t\t<div class=\"elementor-section-wrap\">\n\t\t\t\t\t\t\t<section class=\"elementor-section elementor-top-section elementor-element elementor-element-74393dd5 elementor-section-boxed elementor-section-height-default elementor-section-height-default\" data-id=\"74393dd5\" data-element_type=\"section\">\n\t\t\t\t\t\t<div class=\"elementor-container elementor-column-gap-default\">\n\t\t\t\t\t\t\t<div class=\"elementor-row\">\n\t\t\t\t\t<div class=\"elementor-column elementor-col-100 elementor-top-column elementor-element elementor-element-1b73fc2\" data-id=\"1b73fc2\" data-element_type=\"column\">\n\t\t\t<div class=\"elementor-column-wrap elementor-element-populated\">\n\t\t\t\t\t\t\t<div class=\"elementor-widget-wrap\">\n\t\t\t\t\t\t<div class=\"elementor-element elementor-element-601f1d49 elementor-widget elementor-widget-text-editor\" data-id=\"601f1d49\" data-element_type=\"widget\" data-widget_type=\"text-editor.default\">\n\t\t\t\t<div class=\"elementor-widget-container\">\n\t\t\t\t\t\t\t\t<div class=\"elementor-text-editor elementor-clearfix\">\n\t\t\t\t<blockquote>\n<p><span style=\"color: #52707f;\"> Avec B-SCHOOL, prendre les pr\u00e9sences est devenu un jeu d&rsquo;enfant !<\/p>\n<\/blockquote>\n<p>Notre module de prise des pr\u00e9sences a \u00e9t\u00e9 con\u00e7u pour r\u00e9pondre aux <span style=\"color: #eb6038;\"><strong>diff\u00e9rentes pratiques en vigueur dans les \u00e9coles<\/strong><\/span> en terme de r\u00e9colte des \u00ab\u00a0donn\u00e9es\u00a0\u00bb.<\/p>\n<p>Ainsi, voici quelques<strong><span style=\"color: #eb6038;\"> fonctionnalit\u00e9s<\/span><\/strong> de ce module tr\u00e8s complet :<\/p>\n<ul>\n<li>Prise des pr\u00e9sences (pr\u00e9sence\/absence de l&rsquo;\u00e9l\u00e8ve, retard, d\u00e9part) <u>par les enseignants<\/u> ;<\/li>\n<li>Prise des pr\u00e9sences\u00a0(pr\u00e9sence\/absence de l&rsquo;\u00e9l\u00e8ve, retard, d\u00e9part) <u>par les \u00e9ducateurs<\/u> ;<\/li>\n<li>Interface de gestion des pr\u00e9sences par l&rsquo;\u00e9ducateur (encodage des justificatifs et justifications) ;<\/li>\n<li>Le registre des pr\u00e9sences est g\u00e9n\u00e9r\u00e9 de mani\u00e8re automatique et est reconnu par les v\u00e9rificateurs ;<\/li>\n<li>Acc\u00e8s \u00e0 diff\u00e9rentes pages de statistiques ;<\/li>\n<li>Envoie de SMS d&rsquo;alertes aux personnes de contact des \u00e9l\u00e8ves ;<\/li>\n<li>Gestion du courrier envoy\u00e9 aux personnes de contact ;<\/li>\n<li>Possibilit\u00e9 d&rsquo;afficher le pr\u00e9sent\u00e9isme de l&rsquo;\u00e9l\u00e8ve dans B-Student et B-Parent ;<\/li>\n<li>Affichage automatique (si souhait\u00e9) des demi-journ\u00e9es d&rsquo;absences non justifi\u00e9es et des demi-journ\u00e9es justifi\u00e9es par mots des parents, directement dans le bulletins ;<\/li>\n<li>Cr\u00e9ation automatique de lettres d&rsquo;absences hebdomadaires ;<\/li>\n<li>Encodage des retards possible \u00e0 l&rsquo;aide d&rsquo;un scanner et des cartes de sortie des \u00e9l\u00e8ves ;<\/li>\n<li>&#8230;<\/li>\n<\/ul>\n<!-- wp:image {\"align\":\"center\",\"id\":1363,\"sizeSlug\":\"full\",\"linkDestination\":\"media\"} -->\n<div class=\"wp-block-image\">\n<figure class=\"aligncenter size-full\"><a href=\"http:\/\/www.b-school.be\/wordpress\/wp-content\/uploads\/2021\/09\/presences.png\"><img loading=\"lazy\" width=\"125\" height=\"134\" class=\"wp-image-1363\" src=\"http:\/\/www.b-school.be\/wordpress\/wp-content\/uploads\/2021\/09\/presences.png\" alt=\"\" srcset=\"http:\/\/www.b-school.be\/wordpress\/wp-content\/uploads\/2021\/09\/presences.png 125w, http:\/\/www.b-school.be\/wordpress\/wp-content\/uploads\/2021\/09\/presences-56x60.png 56w\" sizes=\"(max-width: 125px) 100vw, 125px\" \/><\/a><\/figure>\n<\/div>\n<!-- \/wp:image -->\t\t\t\t\t<\/div>\n\t\t\t\t\t\t<\/div>\n\t\t\t\t<\/div>\n\t\t\t\t\t\t<\/div>\n\t\t\t\t\t<\/div>\n\t\t<\/div>\n\t\t\t\t\t\t\t\t<\/div>\n\t\t\t\t\t<\/div>\n\t\t<\/section>\n\t\t\t\t\t\t<\/div>\n\t\t\t\t\t\t<\/div>\n\t\t\t\t\t<\/div>\n\t\t","protected":false},"excerpt":{"rendered":"<p>Avec B-SCHOOL, prendre les pr\u00e9sences est devenu un jeu d&rsquo;enfant ! Notre module de prise des pr\u00e9sences a \u00e9t\u00e9 con\u00e7u pour r\u00e9pondre aux diff\u00e9rentes pratiques &hellip; <\/p>\n","protected":false},"author":1,"featured_media":0,"parent":0,"menu_order":0,"comment_status":"closed","ping_status":"closed","template":"","meta":[],"_links":{"self":[{"href":"http:\/\/www.b-school.be\/wordpress\/wp-json\/wp\/v2\/pages\/64"}],"collection":[{"href":"http:\/\/www.b-school.be\/wordpress\/wp-json\/wp\/v2\/pages"}],"about":[{"href":"http:\/\/www.b-school.be\/wordpress\/wp-json\/wp\/v2\/types\/page"}],"author":[{"embeddable":true,"href":"http:\/\/www.b-school.be\/wordpress\/wp-json\/wp\/v2\/users\/1"}],"replies":[{"embeddable":true,"href":"http:\/\/www.b-school.be\/wordpress\/wp-json\/wp\/v2\/comments?post=64"}],"version-history":[{"count":22,"href":"http:\/\/www.b-school.be\/wordpress\/wp-json\/wp\/v2\/pages\/64\/revisions"}],"predecessor-version":[{"id":1441,"href":"http:\/\/www.b-school.be\/wordpress\/wp-json\/wp\/v2\/pages\/64\/revisions\/1441"}],"wp:attachment":[{"href":"http:\/\/www.b-school.be\/wordpress\/wp-json\/wp\/v2\/media?parent=64"}],"curies":[{"name":"wp","href":"https:\/\/api.w.org\/{rel}","templated":true}]}}