{"id":68,"date":"2015-10-15T13:08:40","date_gmt":"2015-10-15T12:08:40","guid":{"rendered":"http:\/\/www.b-school.be\/wordpress\/?page_id=68"},"modified":"2021-09-17T15:15:40","modified_gmt":"2021-09-17T14:15:40","slug":"locaux-2","status":"publish","type":"page","link":"http:\/\/www.b-school.be\/wordpress\/locaux-2\/","title":{"rendered":"Locaux"},"content":{"rendered":"\t\t<div data-elementor-type=\"wp-page\" data-elementor-id=\"68\" class=\"elementor elementor-68\" data-elementor-settings=\"[]\">\n\t\t\t\t\t\t<div class=\"elementor-inner\">\n\t\t\t\t\t\t\t<div class=\"elementor-section-wrap\">\n\t\t\t\t\t\t\t<section class=\"elementor-section elementor-top-section elementor-element elementor-element-1b89c6a7 elementor-section-boxed elementor-section-height-default elementor-section-height-default\" data-id=\"1b89c6a7\" data-element_type=\"section\">\n\t\t\t\t\t\t<div class=\"elementor-container elementor-column-gap-default\">\n\t\t\t\t\t\t\t<div class=\"elementor-row\">\n\t\t\t\t\t<div class=\"elementor-column elementor-col-100 elementor-top-column elementor-element elementor-element-525659f2\" data-id=\"525659f2\" data-element_type=\"column\">\n\t\t\t<div class=\"elementor-column-wrap elementor-element-populated\">\n\t\t\t\t\t\t\t<div class=\"elementor-widget-wrap\">\n\t\t\t\t\t\t<div class=\"elementor-element elementor-element-69d26a2 elementor-widget elementor-widget-text-editor\" data-id=\"69d26a2\" data-element_type=\"widget\" data-widget_type=\"text-editor.default\">\n\t\t\t\t<div class=\"elementor-widget-container\">\n\t\t\t\t\t\t\t\t<div class=\"elementor-text-editor elementor-clearfix\">\n\t\t\t\t<p>Ce module est destin\u00e9 \u00e0 permettre la<span style=\"color: #eb6038;\"><strong> r\u00e9servation de locaux<\/strong><\/span> du type \u00ab\u00a0Salle informatique\u00a0\u00bb, \u00ab\u00a0Local vid\u00e9o\u00a0\u00bb, \u00ab\u00a0Local tableau interactif\u00a0\u00bb, \u00ab\u00a0Biblioth\u00e8que\u00a0\u00bb \u2026<\/p>\n<p>Un des gros avantages de ce module est qu\u2019un enseignant qui pr\u00e9pare des le\u00e7ons le week-end, peut directement avoir acc\u00e8s aux locaux disponibles pour les 15 jours \u00e0 venir (par exemple), et r\u00e9server son local sp\u00e9cifique de mani\u00e8re instantan\u00e9e.<\/p>\n<p>Des options sont pr\u00e9vues pour n\u2019autoriser la r\u00e9servation des \u00a0locaux uniquement \u00e0 certaines plages horaires (au besoin), pour accueillir \u00e9ventuellement plusieurs classes, pour limiter \u00e0 15 jours (par exemple) \u00e0 l\u2019avance la possibilit\u00e9 de r\u00e9server un local (pour \u00e9viter par exemple qu\u2019un enseignant ne r\u00e9serve un local pour toute l\u2019ann\u00e9e) avec une exception pour les gestionnaires de ce module qui n&rsquo;ont pas de limite de r\u00e9servation dans le temps.<\/p>\n<p>Le module affiche automatiquement le nombre d\u2019\u00e9l\u00e8ves qui vont occuper le local, en fonction de la classe s\u00e9lectionn\u00e9e, ce qui permet par exemple, \u00e0 deux petites classes, d\u2019occuper un local informatique au m\u00eame moment, pour autant que le 1er enseignant qui a r\u00e9serv\u00e9 soit d\u2019accord de \u00ab\u00a0cohabiter\u00a0\u00bb.<\/p>\n<p>Enfin, il est \u00e9galement possible de bloquer \u00e0 certaines plages-horaire un local r\u00e9servable pour l&rsquo;attribuer \u00e0 un cours qui y serait donn\u00e9 toute l&rsquo;ann\u00e9e.<\/p>\n<blockquote>\n<p><span style=\"color: #52707f;\"> L&rsquo;<span style=\"color: #eb6038;\"><strong>horaire de tous les locaux<\/strong><\/span> est consultable \u00e0 partir du moment o\u00f9 les enseignants (ou un administrateur) les ont encod\u00e9s dans leur horaire.<\/p>\n<\/blockquote>\n<p>Ce module\u00a0 permet \u00e9galement la <span style=\"color: #eb6038;\"><strong>gestion de l&rsquo;entretien des locaux<\/strong><\/span>.<\/p>\n<p>Le programme permet aux utilisateurs de signaler diff\u00e9rents \u00e9l\u00e9ments concernant les locaux (ampoule \u00e0 changer, mur \u00e0 repeindre, radiateur d\u00e9fectueux&#8230;).<\/p>\n<p>Un \u00ab\u00a0responsable locaux\u00a0\u00bb re\u00e7oit les signalements, les traite, les attribue \u00e0 un \u00ab\u00a0technicien\u00a0\u00bb ou \u00e0 une \u00ab\u00a0entreprise externe\u00a0\u00bb, puis a la possibilit\u00e9 d&rsquo;effectuer un retour vers l&rsquo;utilisateur pour informer des suites qui seront donn\u00e9es ou simplement mentionner que le travail est termin\u00e9.<\/p>\n<p>&nbsp;<\/p>\n<!-- wp:image {\"align\":\"center\",\"id\":1361,\"sizeSlug\":\"full\",\"linkDestination\":\"media\"} -->\n<div class=\"wp-block-image\">\n<figure class=\"aligncenter size-full\"><a href=\"http:\/\/www.b-school.be\/wordpress\/wp-content\/uploads\/2021\/09\/Locaux.png\"><img loading=\"lazy\" width=\"125\" height=\"124\" class=\"wp-image-1361\" src=\"http:\/\/www.b-school.be\/wordpress\/wp-content\/uploads\/2021\/09\/Locaux.png\" alt=\"\" srcset=\"http:\/\/www.b-school.be\/wordpress\/wp-content\/uploads\/2021\/09\/Locaux.png 125w, http:\/\/www.b-school.be\/wordpress\/wp-content\/uploads\/2021\/09\/Locaux-60x60.png 60w\" sizes=\"(max-width: 125px) 100vw, 125px\" \/><\/a><\/figure>\n<\/div>\n<!-- \/wp:image -->\t\t\t\t\t<\/div>\n\t\t\t\t\t\t<\/div>\n\t\t\t\t<\/div>\n\t\t\t\t\t\t<\/div>\n\t\t\t\t\t<\/div>\n\t\t<\/div>\n\t\t\t\t\t\t\t\t<\/div>\n\t\t\t\t\t<\/div>\n\t\t<\/section>\n\t\t\t\t\t\t<\/div>\n\t\t\t\t\t\t<\/div>\n\t\t\t\t\t<\/div>\n\t\t","protected":false},"excerpt":{"rendered":"<p>Ce module est destin\u00e9 \u00e0 permettre la r\u00e9servation de locaux du type \u00ab\u00a0Salle informatique\u00a0\u00bb, \u00ab\u00a0Local vid\u00e9o\u00a0\u00bb, \u00ab\u00a0Local tableau interactif\u00a0\u00bb, \u00ab\u00a0Biblioth\u00e8que\u00a0\u00bb \u2026 Un des gros avantages &hellip; <\/p>\n","protected":false},"author":1,"featured_media":0,"parent":0,"menu_order":0,"comment_status":"closed","ping_status":"closed","template":"","meta":[],"_links":{"self":[{"href":"http:\/\/www.b-school.be\/wordpress\/wp-json\/wp\/v2\/pages\/68"}],"collection":[{"href":"http:\/\/www.b-school.be\/wordpress\/wp-json\/wp\/v2\/pages"}],"about":[{"href":"http:\/\/www.b-school.be\/wordpress\/wp-json\/wp\/v2\/types\/page"}],"author":[{"embeddable":true,"href":"http:\/\/www.b-school.be\/wordpress\/wp-json\/wp\/v2\/users\/1"}],"replies":[{"embeddable":true,"href":"http:\/\/www.b-school.be\/wordpress\/wp-json\/wp\/v2\/comments?post=68"}],"version-history":[{"count":18,"href":"http:\/\/www.b-school.be\/wordpress\/wp-json\/wp\/v2\/pages\/68\/revisions"}],"predecessor-version":[{"id":1444,"href":"http:\/\/www.b-school.be\/wordpress\/wp-json\/wp\/v2\/pages\/68\/revisions\/1444"}],"wp:attachment":[{"href":"http:\/\/www.b-school.be\/wordpress\/wp-json\/wp\/v2\/media?parent=68"}],"curies":[{"name":"wp","href":"https:\/\/api.w.org\/{rel}","templated":true}]}}