{"id":686,"date":"2018-01-31T19:31:22","date_gmt":"2018-01-31T18:31:22","guid":{"rendered":"http:\/\/www.b-school.be\/wordpress\/?page_id=686"},"modified":"2021-09-17T15:13:11","modified_gmt":"2021-09-17T14:13:11","slug":"messagerie-interne","status":"publish","type":"page","link":"http:\/\/www.b-school.be\/wordpress\/messagerie-interne\/","title":{"rendered":"Messagerie interne"},"content":{"rendered":"\t\t<div data-elementor-type=\"wp-page\" data-elementor-id=\"686\" class=\"elementor elementor-686\" data-elementor-settings=\"[]\">\n\t\t\t\t\t\t<div class=\"elementor-inner\">\n\t\t\t\t\t\t\t<div class=\"elementor-section-wrap\">\n\t\t\t\t\t\t\t<section class=\"elementor-section elementor-top-section elementor-element elementor-element-57dbed03 elementor-section-boxed elementor-section-height-default elementor-section-height-default\" data-id=\"57dbed03\" data-element_type=\"section\">\n\t\t\t\t\t\t<div class=\"elementor-container elementor-column-gap-default\">\n\t\t\t\t\t\t\t<div class=\"elementor-row\">\n\t\t\t\t\t<div class=\"elementor-column elementor-col-100 elementor-top-column elementor-element elementor-element-79977e1a\" data-id=\"79977e1a\" data-element_type=\"column\">\n\t\t\t<div class=\"elementor-column-wrap elementor-element-populated\">\n\t\t\t\t\t\t\t<div class=\"elementor-widget-wrap\">\n\t\t\t\t\t\t<div class=\"elementor-element elementor-element-481b2f7c elementor-widget elementor-widget-text-editor\" data-id=\"481b2f7c\" data-element_type=\"widget\" data-widget_type=\"text-editor.default\">\n\t\t\t\t<div class=\"elementor-widget-container\">\n\t\t\t\t\t\t\t\t<div class=\"elementor-text-editor elementor-clearfix\">\n\t\t\t\t<p>Outil de communication par excellence, la messagerie interne offre les possibilit\u00e9s suivantes :<\/p>\n<ul>\n<li>Envoyer un message interne \u00e0 un utilisateur ;<\/li>\n<li>Consulter l&rsquo;historique de discussion avec un utilisateur ;<\/li>\n<li>Envoyer un message \u00e0 un groupe (par exemple \u00e0 tous les enseignants d&rsquo;une classe) ;<\/li>\n<li>Pouvoir consulter si les destinataires ont marqu\u00e9 comme \u00ab\u00a0lu\u00a0\u00bb votre message.<\/li>\n<\/ul>\n<p>Par ailleurs, dans votre bo\u00eete de r\u00e9ception, vous recevez \u00e9galement des messages si :<\/p>\n<ul>\n<li>Vous \u00eates mod\u00e9rateur et qu&rsquo;une news est en attente de publication ;<\/li>\n<li>Une remarque de suivi d&rsquo;un \u00e9l\u00e8ve a \u00e9t\u00e9 publi\u00e9e pour un groupe dont vous faites partie ;<\/li>\n<li>Une demande de partage d&rsquo;un local a \u00e9t\u00e9 effectu\u00e9e avec vous (encore \u00e0 programmer) ;<\/li>\n<li>Un nouvel \u00e9l\u00e8ve est inscrit \u00e0 votre cours durant l&rsquo;ann\u00e9e.<\/li>\n<\/ul>\n\n<!-- wp:image {\"align\":\"center\",\"id\":1362,\"sizeSlug\":\"full\",\"linkDestination\":\"media\"} -->\n<div class=\"wp-block-image\"><figure class=\"aligncenter size-full\"><a href=\"http:\/\/www.b-school.be\/wordpress\/wp-content\/uploads\/2021\/09\/Messagerie.png\"><img loading=\"lazy\" width=\"125\" height=\"115\" src=\"http:\/\/www.b-school.be\/wordpress\/wp-content\/uploads\/2021\/09\/Messagerie.png\" alt=\"\" class=\"wp-image-1362\" srcset=\"http:\/\/www.b-school.be\/wordpress\/wp-content\/uploads\/2021\/09\/Messagerie.png 125w, http:\/\/www.b-school.be\/wordpress\/wp-content\/uploads\/2021\/09\/Messagerie-65x60.png 65w\" sizes=\"(max-width: 125px) 100vw, 125px\" \/><\/a><\/figure><\/div>\n<!-- \/wp:image -->\t\t\t\t\t<\/div>\n\t\t\t\t\t\t<\/div>\n\t\t\t\t<\/div>\n\t\t\t\t\t\t<\/div>\n\t\t\t\t\t<\/div>\n\t\t<\/div>\n\t\t\t\t\t\t\t\t<\/div>\n\t\t\t\t\t<\/div>\n\t\t<\/section>\n\t\t\t\t\t\t<\/div>\n\t\t\t\t\t\t<\/div>\n\t\t\t\t\t<\/div>\n\t\t","protected":false},"excerpt":{"rendered":"<p>Outil de communication par excellence, la messagerie interne offre les possibilit\u00e9s suivantes : Envoyer un message interne \u00e0 un utilisateur ; Consulter l&rsquo;historique de discussion &hellip; <\/p>\n","protected":false},"author":1,"featured_media":0,"parent":0,"menu_order":0,"comment_status":"closed","ping_status":"closed","template":"","meta":[],"_links":{"self":[{"href":"http:\/\/www.b-school.be\/wordpress\/wp-json\/wp\/v2\/pages\/686"}],"collection":[{"href":"http:\/\/www.b-school.be\/wordpress\/wp-json\/wp\/v2\/pages"}],"about":[{"href":"http:\/\/www.b-school.be\/wordpress\/wp-json\/wp\/v2\/types\/page"}],"author":[{"embeddable":true,"href":"http:\/\/www.b-school.be\/wordpress\/wp-json\/wp\/v2\/users\/1"}],"replies":[{"embeddable":true,"href":"http:\/\/www.b-school.be\/wordpress\/wp-json\/wp\/v2\/comments?post=686"}],"version-history":[{"count":9,"href":"http:\/\/www.b-school.be\/wordpress\/wp-json\/wp\/v2\/pages\/686\/revisions"}],"predecessor-version":[{"id":1438,"href":"http:\/\/www.b-school.be\/wordpress\/wp-json\/wp\/v2\/pages\/686\/revisions\/1438"}],"wp:attachment":[{"href":"http:\/\/www.b-school.be\/wordpress\/wp-json\/wp\/v2\/media?parent=686"}],"curies":[{"name":"wp","href":"https:\/\/api.w.org\/{rel}","templated":true}]}}