{"id":712,"date":"2018-05-26T09:35:49","date_gmt":"2018-05-26T08:35:49","guid":{"rendered":"http:\/\/www.b-school.be\/wordpress\/?page_id=712"},"modified":"2020-02-03T09:13:58","modified_gmt":"2020-02-03T08:13:58","slug":"conditions-dutilisation-de-b-school","status":"publish","type":"page","link":"http:\/\/www.b-school.be\/wordpress\/conditions-dutilisation-de-b-school\/","title":{"rendered":"Conditions d\u2019utilisation de B-School"},"content":{"rendered":"<p>L&rsquo;utilisation de B-School n\u00e9cessite la signature d&rsquo;un contrat et l&rsquo;acceptation de nos conditions d&rsquo;utilisation ainsi que de notre d\u00e9claration relative \u00e0 la protection des donn\u00e9es \u00e0 caract\u00e8re personnel :<\/p>\n<ul>\n<li><a href=\"http:\/\/www.b-school.be\/wordpress\/wp-content\/uploads\/2019\/08\/Contrat-BSCHOOL-v16082019.pdf\" target=\"_blank\" rel=\"noopener noreferrer\">Contrat<\/a> (16\/08\/2019)<\/li>\n<li><a href=\"http:\/\/www.b-school.be\/wordpress\/wp-content\/uploads\/2019\/08\/BGSI-CONDITIONS-UTILISATION-BSCHOOL-19082019.pdf\" target=\"_blank\" rel=\"noopener noreferrer\">Conditions d&rsquo;utilisation<\/a> (19\/08\/2019)<\/li>\n<li><a href=\"http:\/\/www.b-school.be\/wordpress\/wp-content\/uploads\/2019\/09\/BGSI-DECLARATION-RGPD-BSCHOOL-01092019.pdf\" target=\"_blank\" rel=\"noopener noreferrer\">D\u00e9claration relative \u00e0 la protection des donn\u00e9es \u00e0 caract\u00e8re personnel<\/a> (01\/09\/2019)<\/li>\n<li>Notre responsable administratif a par ailleurs suivi une formation \u00e0 la gestion des donn\u00e9es : <a href=\"http:\/\/www.b-school.be\/wordpress\/wp-content\/uploads\/2019\/09\/attestation_atelier_rgpd.pdf\" target=\"_blank\" rel=\"noopener noreferrer\">certificat<\/a><\/li>\n<\/ul>\n","protected":false},"excerpt":{"rendered":"<p>L&rsquo;utilisation de B-School n\u00e9cessite la signature d&rsquo;un contrat et l&rsquo;acceptation de nos conditions d&rsquo;utilisation ainsi que de notre d\u00e9claration relative \u00e0 la protection des donn\u00e9es &hellip; <\/p>\n","protected":false},"author":1,"featured_media":0,"parent":0,"menu_order":0,"comment_status":"closed","ping_status":"closed","template":"templates\/page-full-width.php","meta":[],"_links":{"self":[{"href":"http:\/\/www.b-school.be\/wordpress\/wp-json\/wp\/v2\/pages\/712"}],"collection":[{"href":"http:\/\/www.b-school.be\/wordpress\/wp-json\/wp\/v2\/pages"}],"about":[{"href":"http:\/\/www.b-school.be\/wordpress\/wp-json\/wp\/v2\/types\/page"}],"author":[{"embeddable":true,"href":"http:\/\/www.b-school.be\/wordpress\/wp-json\/wp\/v2\/users\/1"}],"replies":[{"embeddable":true,"href":"http:\/\/www.b-school.be\/wordpress\/wp-json\/wp\/v2\/comments?post=712"}],"version-history":[{"count":8,"href":"http:\/\/www.b-school.be\/wordpress\/wp-json\/wp\/v2\/pages\/712\/revisions"}],"predecessor-version":[{"id":1016,"href":"http:\/\/www.b-school.be\/wordpress\/wp-json\/wp\/v2\/pages\/712\/revisions\/1016"}],"wp:attachment":[{"href":"http:\/\/www.b-school.be\/wordpress\/wp-json\/wp\/v2\/media?parent=712"}],"curies":[{"name":"wp","href":"https:\/\/api.w.org\/{rel}","templated":true}]}}