{"id":78,"date":"2015-10-15T13:10:30","date_gmt":"2015-10-15T12:10:30","guid":{"rendered":"http:\/\/www.b-school.be\/wordpress\/?page_id=78"},"modified":"2021-09-17T14:59:01","modified_gmt":"2021-09-17T13:59:01","slug":"agenda","status":"publish","type":"page","link":"http:\/\/www.b-school.be\/wordpress\/agenda\/","title":{"rendered":"Agenda"},"content":{"rendered":"\t\t<div data-elementor-type=\"wp-page\" data-elementor-id=\"78\" class=\"elementor elementor-78\" data-elementor-settings=\"[]\">\n\t\t\t\t\t\t<div class=\"elementor-inner\">\n\t\t\t\t\t\t\t<div class=\"elementor-section-wrap\">\n\t\t\t\t\t\t\t<section class=\"elementor-section elementor-top-section elementor-element elementor-element-4cbe263c elementor-section-boxed elementor-section-height-default elementor-section-height-default\" data-id=\"4cbe263c\" data-element_type=\"section\">\n\t\t\t\t\t\t<div class=\"elementor-container elementor-column-gap-default\">\n\t\t\t\t\t\t\t<div class=\"elementor-row\">\n\t\t\t\t\t<div class=\"elementor-column elementor-col-100 elementor-top-column elementor-element elementor-element-6db4c523\" data-id=\"6db4c523\" data-element_type=\"column\">\n\t\t\t<div class=\"elementor-column-wrap elementor-element-populated\">\n\t\t\t\t\t\t\t<div class=\"elementor-widget-wrap\">\n\t\t\t\t\t\t<div class=\"elementor-element elementor-element-1f9a019f elementor-widget elementor-widget-text-editor\" data-id=\"1f9a019f\" data-element_type=\"widget\" data-widget_type=\"text-editor.default\">\n\t\t\t\t<div class=\"elementor-widget-container\">\n\t\t\t\t\t\t\t\t<div class=\"elementor-text-editor elementor-clearfix\">\n\t\t\t\t<p>L&rsquo;agenda permet diff\u00e9rents \u00e9l\u00e9ments :<\/p>\n<ul>\n<li>Encoder tous les \u00e9v\u00e9nements li\u00e9s \u00e0 la vie de l&rsquo;\u00e9cole, en ce compris les cong\u00e9s scolaires ;<\/li>\n<li>Cr\u00e9er des \u00e9v\u00e9nements li\u00e9s \u00e0 certains groupes (par exemple des groupes de type \u00ab\u00a0travail collaboratif\u00a0\u00bb) ;<\/li>\n<li>&#8230;<\/li>\n<\/ul>\n\n<!-- wp:image {\"align\":\"center\",\"id\":1351,\"sizeSlug\":\"full\",\"linkDestination\":\"media\"} -->\n<div class=\"wp-block-image\"><figure class=\"aligncenter size-full\"><a href=\"http:\/\/www.b-school.be\/wordpress\/wp-content\/uploads\/2021\/09\/agenda.png\"><img loading=\"lazy\" width=\"125\" height=\"123\" src=\"http:\/\/www.b-school.be\/wordpress\/wp-content\/uploads\/2021\/09\/agenda.png\" alt=\"\" class=\"wp-image-1351\" srcset=\"http:\/\/www.b-school.be\/wordpress\/wp-content\/uploads\/2021\/09\/agenda.png 125w, http:\/\/www.b-school.be\/wordpress\/wp-content\/uploads\/2021\/09\/agenda-61x60.png 61w\" sizes=\"(max-width: 125px) 100vw, 125px\" \/><\/a><\/figure><\/div>\n<!-- \/wp:image -->\t\t\t\t\t<\/div>\n\t\t\t\t\t\t<\/div>\n\t\t\t\t<\/div>\n\t\t\t\t\t\t<\/div>\n\t\t\t\t\t<\/div>\n\t\t<\/div>\n\t\t\t\t\t\t\t\t<\/div>\n\t\t\t\t\t<\/div>\n\t\t<\/section>\n\t\t\t\t\t\t<\/div>\n\t\t\t\t\t\t<\/div>\n\t\t\t\t\t<\/div>\n\t\t","protected":false},"excerpt":{"rendered":"<p>L&rsquo;agenda permet diff\u00e9rents \u00e9l\u00e9ments : Encoder tous les \u00e9v\u00e9nements li\u00e9s \u00e0 la vie de l&rsquo;\u00e9cole, en ce compris les cong\u00e9s scolaires ; Cr\u00e9er des \u00e9v\u00e9nements &hellip; <\/p>\n","protected":false},"author":1,"featured_media":0,"parent":0,"menu_order":0,"comment_status":"closed","ping_status":"closed","template":"","meta":[],"_links":{"self":[{"href":"http:\/\/www.b-school.be\/wordpress\/wp-json\/wp\/v2\/pages\/78"}],"collection":[{"href":"http:\/\/www.b-school.be\/wordpress\/wp-json\/wp\/v2\/pages"}],"about":[{"href":"http:\/\/www.b-school.be\/wordpress\/wp-json\/wp\/v2\/types\/page"}],"author":[{"embeddable":true,"href":"http:\/\/www.b-school.be\/wordpress\/wp-json\/wp\/v2\/users\/1"}],"replies":[{"embeddable":true,"href":"http:\/\/www.b-school.be\/wordpress\/wp-json\/wp\/v2\/comments?post=78"}],"version-history":[{"count":13,"href":"http:\/\/www.b-school.be\/wordpress\/wp-json\/wp\/v2\/pages\/78\/revisions"}],"predecessor-version":[{"id":1399,"href":"http:\/\/www.b-school.be\/wordpress\/wp-json\/wp\/v2\/pages\/78\/revisions\/1399"}],"wp:attachment":[{"href":"http:\/\/www.b-school.be\/wordpress\/wp-json\/wp\/v2\/media?parent=78"}],"curies":[{"name":"wp","href":"https:\/\/api.w.org\/{rel}","templated":true}]}}